{"id":5922,"date":"2022-03-15T09:55:18","date_gmt":"2022-03-15T12:55:18","guid":{"rendered":"https:\/\/pglbr.com.br\/informacoes-importantes\/"},"modified":"2022-04-19T19:14:41","modified_gmt":"2022-04-19T22:14:41","slug":"important","status":"publish","type":"page","link":"https:\/\/pglbr.com.br\/en\/important\/","title":{"rendered":"Important"},"content":{"rendered":"<section class=\"wpb-content-wrapper\">[vc_row thb_full_width=&#8221;true&#8221; thb_row_padding=&#8221;true&#8221; thb_column_padding=&#8221;true&#8221; full_height=&#8221;yes&#8221; css=&#8221;.vc_custom_1647351198667{margin-bottom: 10vh !important;padding-top: 24vh !important;padding-bottom: 12vh !important;background-image: url(https:\/\/pglbr.com.br\/wp-content\/uploads\/2022\/03\/infosimportantes-1.jpeg?id=4854) !important;background-position: center !important;background-repeat: no-repeat !important;background-size: cover !important;}&#8221;][vc_column][vc_row_inner][vc_column_inner thb_color=&#8221;thb-light-column&#8221; offset=&#8221;vc_col-lg-5 vc_col-md-7&#8243;]\t<div id=\"thb-slidetype-69e31fb701c88\" class=\"thb-slidetype \" data-style=\"style2\">\n\t\t\n<h1><span class=\"thb-slidetype-entry\"><span class=\"lines\">IMPORTANT<\/span><\/span><\/h1>\n\t\t\t<\/div>\n\n\t[vc_empty_space height=&#8221;12px&#8221;][vc_column_text animation=&#8221;animation fade-in&#8221;]S\u00e3o informa\u00e7\u00f5es \u00fateis sobre importa\u00e7\u00e3o e exporta\u00e7\u00e3o que auxiliam na compreens\u00e3o de algumas situa\u00e7\u00f5es.[\/vc_column_text][\/vc_column_inner][\/vc_row_inner][\/vc_column][\/vc_row][vc_row css=&#8221;.vc_custom_1624572963249{padding-top: 10vh !important;}&#8221;][vc_column][vc_row_inner content_placement=&#8221;top&#8221;][vc_column_inner css=&#8221;.vc_custom_1624572774166{padding-right: 10% !important;}&#8221;]\t<div id=\"thb-slidetype-69e31fb701cf1\" class=\"thb-slidetype \" data-style=\"style1\">\n\t\t\n<h2><span class=\"thb-slidetype-entry\"><span class=\"lines\">Gross Weight vs. Volumetric Weight in Air Freight<\/span><\/span><\/h2>\n\t\t\t<\/div>\n\n\t[vc_empty_space height=&#8221;15px&#8221;][vc_separator color=&#8221;custom&#8221; align=&#8221;align_left&#8221; border_width=&#8221;6&#8243; el_width=&#8221;30&#8243; css_animation=&#8221;left-to-right&#8221; accent_color=&#8221;#dedc00&#8243;][vc_empty_space height=&#8221;25px&#8221;][\/vc_column_inner][\/vc_row_inner][vc_row_inner content_placement=&#8221;top&#8221;][vc_column_inner width=&#8221;1\/2&#8243; css=&#8221;.vc_custom_1624572774166{padding-right: 10% !important;}&#8221;][vc_column_text animation=&#8221;animation fade-in&#8221;]The <strong>gross weight<\/strong> stated in a document is the weight of the goods plus the packaging weight. The <strong>volumetric weight<\/strong> is calculated by multiplying the length, width and height to get the cubic size (volume, m3), that is, the space a shipment will take up in transport.[\/vc_column_text][vc_column_text animation=&#8221;animation fade-in&#8221;]\n<ul>\n<li><b>Peso Bruto:\u00a0<\/b>peso da carga + embalagem<\/li>\n<li><b>Peso Cubado:\u00a0<\/b>Volume, peso e espa\u00e7o<\/li>\n<li><b>Peso Taxado: <\/b>o valor maior entre o peso bruto e o peso cubado.<\/li>\n<\/ul>\n[\/vc_column_text][vc_empty_space height=&#8221;15px&#8221;][vc_separator color=&#8221;custom&#8221; align=&#8221;align_right&#8221; border_width=&#8221;6&#8243; el_width=&#8221;30&#8243; css_animation=&#8221;left-to-right&#8221; accent_color=&#8221;#dedc00&#8243;][\/vc_column_inner][vc_column_inner width=&#8221;1\/2&#8243;]\t<div id=\"thb-image-69e31fb701d45\" class=\"caption-style1  alignleft   thb_image_link wp-caption \">\n\t\t\t<div class=\"thb-image-inner size_100\">\n\t\t\t<img loading=\"lazy\" decoding=\"async\" width=\"799\" height=\"533\" src=\"https:\/\/pglbr.com.br\/wp-content\/uploads\/2022\/03\/cargasaereo.jpg\" class=\"thb_image    attachment-full\" alt=\"\" title=\"cargasaereo\" srcset=\"https:\/\/pglbr.com.br\/wp-content\/uploads\/2022\/03\/cargasaereo.jpg 799w, https:\/\/pglbr.com.br\/wp-content\/uploads\/2022\/03\/cargasaereo-600x400.jpg 600w, https:\/\/pglbr.com.br\/wp-content\/uploads\/2022\/03\/cargasaereo-768x512.jpg 768w, https:\/\/pglbr.com.br\/wp-content\/uploads\/2022\/03\/cargasaereo-380x253.jpg 380w, https:\/\/pglbr.com.br\/wp-content\/uploads\/2022\/03\/cargasaereo-190x127.jpg 190w, https:\/\/pglbr.com.br\/wp-content\/uploads\/2022\/03\/cargasaereo-760x507.jpg 760w, https:\/\/pglbr.com.br\/wp-content\/uploads\/2022\/03\/cargasaereo-20x13.jpg 20w\" sizes=\"auto, (max-width: 799px) 100vw, 799px\" \/>\t\t\t\t\t<\/div>\n\t\t\t\t\t<\/div>\n\t[\/vc_column_inner][\/vc_row_inner][\/vc_column][\/vc_row][vc_row css=&#8221;.vc_custom_1624572963249{padding-top: 10vh !important;}&#8221;][vc_column][vc_row_inner content_placement=&#8221;top&#8221;][vc_column_inner css=&#8221;.vc_custom_1624572774166{padding-right: 10% !important;}&#8221;]\t<div id=\"thb-slidetype-69e31fb703528\" class=\"thb-slidetype \" data-style=\"style1\">\n\t\t\n<h2><span class=\"thb-slidetype-entry\"><span class=\"lines\">Left Bank vs. Right Bank \u2013 Port of Santos, Brazil<\/span><\/span><\/h2>\n\t\t\t<\/div>\n\n\t[vc_empty_space height=&#8221;15px&#8221;][vc_separator color=&#8221;custom&#8221; align=&#8221;align_left&#8221; border_width=&#8221;6&#8243; el_width=&#8221;30&#8243; css_animation=&#8221;left-to-right&#8221; accent_color=&#8221;#dedc00&#8243;][vc_empty_space height=&#8221;25px&#8221;][\/vc_column_inner][\/vc_row_inner][vc_row_inner content_placement=&#8221;top&#8221;][vc_column_inner width=&#8221;1\/2&#8243; css=&#8221;.vc_custom_1624572774166{padding-right: 10% !important;}&#8221;][vc_column_text animation=&#8221;animation fade-in&#8221;]The <strong>Port of Santos<\/strong>, in the state of S\u00e3o Paulo, Brazil, is located in the municipalities of Santos, Cubat\u00e3o and Guaruj\u00e1. Its right bank is located in of Santos, and the left bank is in of Cubat\u00e3o and Guaruj\u00e1. Cargo terminals are located on both banks.[\/vc_column_text][vc_column_text animation=&#8221;animation fade-in&#8221;]<strong>MOVIMENTA\u00c7\u00c3O DE CARGAS<\/strong><\/p>\n<p>O Porto de Santos encerrou o ano de 2021 com novo recorde de movimenta\u00e7\u00e3o de cargas, atingindo 147,0 milh\u00f5es de toneladas, 0,3% acima do verificado em 2020. As cargas de <strong>importa\u00e7\u00e3o<\/strong> se sobressa\u00edram com aumento de 10,4%, somando 43,9 milh\u00f5es de toneladas. J\u00e1 as cargas de <strong>exporta\u00e7\u00e3o<\/strong> apresentaram redu\u00e7\u00e3o de 3,5%, atingindo 103,1 milh\u00f5es de toneladas.<\/p>\n<p>De 2009 a 2021, o crescimento anual de tonelagem no Porto de Santos foi de 4,9%, j\u00e1 a taxa dos cont\u00eaineres avan\u00e7ou 6,6%.<\/p>\n<p><em>Fonte: <a href=\"https:\/\/www.portodesantos.com.br\/2022\/01\/25\/porto-de-santos-registra-novo-recorde-anual-em-2021-puxado-pelo-aumento-de-conteineres-soja-e-fertilizantes\/#:~:text=O%20Porto%20de%20Santos%20encerrou,foram%20determinantes%20para%20esse%20resultado.\" target=\"_blank\" rel=\"noopener\">portodesantos.com.br<\/a><\/em>[\/vc_column_text][vc_empty_space height=&#8221;15px&#8221;][vc_separator color=&#8221;custom&#8221; align=&#8221;align_right&#8221; border_width=&#8221;6&#8243; el_width=&#8221;30&#8243; css_animation=&#8221;left-to-right&#8221; accent_color=&#8221;#dedc00&#8243;][\/vc_column_inner][vc_column_inner width=&#8221;1\/2&#8243; css=&#8221;.vc_custom_1647350572393{padding-top: 30px !important;}&#8221;]\t<div id=\"thb-image-69e31fb70357f\" class=\"caption-style1  alignleft   thb_image_link wp-caption \">\n\t\t\t<div class=\"thb-image-inner size_100\">\n\t\t\t<img loading=\"lazy\" decoding=\"async\" width=\"655\" height=\"715\" src=\"https:\/\/pglbr.com.br\/wp-content\/uploads\/2022\/03\/portodesantos.jpg\" class=\"thb_image    attachment-full\" alt=\"\" title=\"portodesantos\" srcset=\"https:\/\/pglbr.com.br\/wp-content\/uploads\/2022\/03\/portodesantos.jpg 655w, https:\/\/pglbr.com.br\/wp-content\/uploads\/2022\/03\/portodesantos-550x600.jpg 550w, https:\/\/pglbr.com.br\/wp-content\/uploads\/2022\/03\/portodesantos-380x415.jpg 380w, https:\/\/pglbr.com.br\/wp-content\/uploads\/2022\/03\/portodesantos-190x207.jpg 190w, https:\/\/pglbr.com.br\/wp-content\/uploads\/2022\/03\/portodesantos-20x22.jpg 20w\" sizes=\"auto, (max-width: 655px) 100vw, 655px\" \/>\t\t\t\t\t<\/div>\n\t\t\t\t\t<\/div>\n\t[\/vc_column_inner][\/vc_row_inner][\/vc_column][\/vc_row][vc_row][vc_column][vc_empty_space height=&#8221;75px&#8221;][\/vc_column][\/vc_row]\n<\/section>","protected":false},"excerpt":{"rendered":"<p>[vc_row thb_full_width=&#8221;true&#8221; thb_row_padding=&#8221;true&#8221; thb_column_padding=&#8221;true&#8221; full_height=&#8221;yes&#8221; css=&#8221;.vc_custom_1647351198667{margin-bottom: 10vh !important;padding-top: 24vh !important;padding-bottom: 12vh !important;background-image: url(https:\/\/pglbr.com.br\/wp-content\/uploads\/2022\/03\/infosimportantes-1.jpeg?id=4854) !important;background-position: center !important;background-repeat: no-repeat !important;background-size: cover !important;}&#8221;][vc_column][vc_row_inner][vc_column_inner thb_color=&#8221;thb-light-column&#8221; offset=&#8221;vc_col-lg-5 vc_col-md-7&#8243;][vc_empty_space height=&#8221;12px&#8221;][vc_column_text animation=&#8221;animation fade-in&#8221;]S\u00e3o informa\u00e7\u00f5es \u00fateis sobre importa\u00e7\u00e3o e exporta\u00e7\u00e3o que auxiliam na compreens\u00e3o de algumas situa\u00e7\u00f5es.[\/vc_column_text][\/vc_column_inner][\/vc_row_inner][\/vc_column][\/vc_row][vc_row css=&#8221;.vc_custom_1624572963249{padding-top: 10vh !important;}&#8221;][vc_column][vc_row_inner content_placement=&#8221;top&#8221;][vc_column_inner css=&#8221;.vc_custom_1624572774166{padding-right: 10% !important;}&#8221;][vc_empty_space height=&#8221;15px&#8221;][vc_separator color=&#8221;custom&#8221; align=&#8221;align_left&#8221; border_width=&#8221;6&#8243; el_width=&#8221;30&#8243; css_animation=&#8221;left-to-right&#8221; accent_color=&#8221;#dedc00&#8243;][vc_empty_space height=&#8221;25px&#8221;][\/vc_column_inner][\/vc_row_inner][vc_row_inner content_placement=&#8221;top&#8221;][vc_column_inner&hellip;<\/p>\n","protected":false},"author":2,"featured_media":0,"parent":0,"menu_order":0,"comment_status":"closed","ping_status":"closed","template":"","meta":{"inline_featured_image":false,"footnotes":""},"class_list":["post-5922","page","type-page","status-publish","hentry"],"yoast_head":"<!-- This site is optimized with the Yoast SEO plugin v26.9 - https:\/\/yoast.com\/product\/yoast-seo-wordpress\/ -->\n<title>Important - PGL Brasil<\/title>\n<meta name=\"robots\" content=\"index, follow, max-snippet:-1, max-image-preview:large, max-video-preview:-1\" \/>\n<link rel=\"canonical\" href=\"https:\/\/pglbr.com.br\/en\/important\/\" \/>\n<meta property=\"og:locale\" content=\"en_US\" \/>\n<meta property=\"og:type\" content=\"article\" \/>\n<meta property=\"og:title\" content=\"Important - PGL Brasil\" \/>\n<meta property=\"og:description\" content=\"[vc_row thb_full_width=&#8221;true&#8221; thb_row_padding=&#8221;true&#8221; thb_column_padding=&#8221;true&#8221; full_height=&#8221;yes&#8221; css=&#8221;.vc_custom_1647351198667{margin-bottom: 10vh !important;padding-top: 24vh !important;padding-bottom: 12vh !important;background-image: url(https:\/\/pglbr.com.br\/wp-content\/uploads\/2022\/03\/infosimportantes-1.jpeg?id=4854) !important;background-position: center !important;background-repeat: no-repeat !important;background-size: cover !important;}&#8221;][vc_column][vc_row_inner][vc_column_inner thb_color=&#8221;thb-light-column&#8221; offset=&#8221;vc_col-lg-5 vc_col-md-7&#8243;][vc_empty_space height=&#8221;12px&#8221;][vc_column_text animation=&#8221;animation fade-in&#8221;]S\u00e3o informa\u00e7\u00f5es \u00fateis sobre importa\u00e7\u00e3o e exporta\u00e7\u00e3o que auxiliam na compreens\u00e3o de algumas situa\u00e7\u00f5es.[\/vc_column_text][\/vc_column_inner][\/vc_row_inner][\/vc_column][\/vc_row][vc_row css=&#8221;.vc_custom_1624572963249{padding-top: 10vh !important;}&#8221;][vc_column][vc_row_inner content_placement=&#8221;top&#8221;][vc_column_inner css=&#8221;.vc_custom_1624572774166{padding-right: 10% !important;}&#8221;][vc_empty_space height=&#8221;15px&#8221;][vc_separator color=&#8221;custom&#8221; align=&#8221;align_left&#8221; border_width=&#8221;6&#8243; el_width=&#8221;30&#8243; css_animation=&#8221;left-to-right&#8221; accent_color=&#8221;#dedc00&#8243;][vc_empty_space height=&#8221;25px&#8221;][\/vc_column_inner][\/vc_row_inner][vc_row_inner content_placement=&#8221;top&#8221;][vc_column_inner&hellip;\" \/>\n<meta property=\"og:url\" content=\"https:\/\/pglbr.com.br\/en\/important\/\" \/>\n<meta property=\"og:site_name\" content=\"PGL Brasil\" \/>\n<meta property=\"article:publisher\" content=\"https:\/\/www.facebook.com\/PGLBrasil\/\" \/>\n<meta property=\"article:modified_time\" content=\"2022-04-19T22:14:41+00:00\" \/>\n<meta name=\"twitter:card\" content=\"summary_large_image\" \/>\n<meta name=\"twitter:label1\" content=\"Est. reading time\" \/>\n\t<meta name=\"twitter:data1\" content=\"2 minutes\" \/>\n<script type=\"application\/ld+json\" class=\"yoast-schema-graph\">{\"@context\":\"https:\/\/schema.org\",\"@graph\":[{\"@type\":\"WebPage\",\"@id\":\"https:\/\/pglbr.com.br\/en\/important\/\",\"url\":\"https:\/\/pglbr.com.br\/en\/important\/\",\"name\":\"Important - PGL Brasil\",\"isPartOf\":{\"@id\":\"https:\/\/pglbr.com.br\/en\/#website\"},\"datePublished\":\"2022-03-15T12:55:18+00:00\",\"dateModified\":\"2022-04-19T22:14:41+00:00\",\"breadcrumb\":{\"@id\":\"https:\/\/pglbr.com.br\/en\/important\/#breadcrumb\"},\"inLanguage\":\"en-US\",\"potentialAction\":[{\"@type\":\"ReadAction\",\"target\":[\"https:\/\/pglbr.com.br\/en\/important\/\"]}]},{\"@type\":\"BreadcrumbList\",\"@id\":\"https:\/\/pglbr.com.br\/en\/important\/#breadcrumb\",\"itemListElement\":[{\"@type\":\"ListItem\",\"position\":1,\"name\":\"Home\",\"item\":\"https:\/\/pglbr.com.br\/en\/\"},{\"@type\":\"ListItem\",\"position\":2,\"name\":\"Important\"}]},{\"@type\":\"WebSite\",\"@id\":\"https:\/\/pglbr.com.br\/en\/#website\",\"url\":\"https:\/\/pglbr.com.br\/en\/\",\"name\":\"PGL Brasil\",\"description\":\"Supply Chain Management\",\"publisher\":{\"@id\":\"https:\/\/pglbr.com.br\/en\/#organization\"},\"alternateName\":\"PGL Brasil - Supply Chain Management\",\"potentialAction\":[{\"@type\":\"SearchAction\",\"target\":{\"@type\":\"EntryPoint\",\"urlTemplate\":\"https:\/\/pglbr.com.br\/en\/?s={search_term_string}\"},\"query-input\":{\"@type\":\"PropertyValueSpecification\",\"valueRequired\":true,\"valueName\":\"search_term_string\"}}],\"inLanguage\":\"en-US\"},{\"@type\":\"Organization\",\"@id\":\"https:\/\/pglbr.com.br\/en\/#organization\",\"name\":\"PGL Brasil\",\"alternateName\":\"PGL Brasil - Supply Chain Management\",\"url\":\"https:\/\/pglbr.com.br\/en\/\",\"logo\":{\"@type\":\"ImageObject\",\"inLanguage\":\"en-US\",\"@id\":\"https:\/\/pglbr.com.br\/en\/#\/schema\/logo\/image\/\",\"url\":\"https:\/\/pglbr.com.br\/wp-content\/uploads\/2021\/05\/pglmarca.svg\",\"contentUrl\":\"https:\/\/pglbr.com.br\/wp-content\/uploads\/2021\/05\/pglmarca.svg\",\"width\":\"1024\",\"height\":\"1024\",\"caption\":\"PGL Brasil\"},\"image\":{\"@id\":\"https:\/\/pglbr.com.br\/en\/#\/schema\/logo\/image\/\"},\"sameAs\":[\"https:\/\/www.facebook.com\/PGLBrasil\/\",\"https:\/\/www.instagram.com\/pgl.brasil\/\",\"https:\/\/www.linkedin.com\/company\/pgl-brasil\/\",\"https:\/\/www.youtube.com\/channel\/UCrcldnH0g3494FycQY5kp8Q\"]}]}<\/script>\n<!-- \/ Yoast SEO plugin. -->","yoast_head_json":{"title":"Important - PGL Brasil","robots":{"index":"index","follow":"follow","max-snippet":"max-snippet:-1","max-image-preview":"max-image-preview:large","max-video-preview":"max-video-preview:-1"},"canonical":"https:\/\/pglbr.com.br\/en\/important\/","og_locale":"en_US","og_type":"article","og_title":"Important - PGL Brasil","og_description":"[vc_row thb_full_width=&#8221;true&#8221; thb_row_padding=&#8221;true&#8221; thb_column_padding=&#8221;true&#8221; full_height=&#8221;yes&#8221; css=&#8221;.vc_custom_1647351198667{margin-bottom: 10vh !important;padding-top: 24vh !important;padding-bottom: 12vh !important;background-image: url(https:\/\/pglbr.com.br\/wp-content\/uploads\/2022\/03\/infosimportantes-1.jpeg?id=4854) !important;background-position: center !important;background-repeat: no-repeat !important;background-size: cover !important;}&#8221;][vc_column][vc_row_inner][vc_column_inner thb_color=&#8221;thb-light-column&#8221; offset=&#8221;vc_col-lg-5 vc_col-md-7&#8243;][vc_empty_space height=&#8221;12px&#8221;][vc_column_text animation=&#8221;animation fade-in&#8221;]S\u00e3o informa\u00e7\u00f5es \u00fateis sobre importa\u00e7\u00e3o e exporta\u00e7\u00e3o que auxiliam na compreens\u00e3o de algumas situa\u00e7\u00f5es.[\/vc_column_text][\/vc_column_inner][\/vc_row_inner][\/vc_column][\/vc_row][vc_row css=&#8221;.vc_custom_1624572963249{padding-top: 10vh !important;}&#8221;][vc_column][vc_row_inner content_placement=&#8221;top&#8221;][vc_column_inner css=&#8221;.vc_custom_1624572774166{padding-right: 10% !important;}&#8221;][vc_empty_space height=&#8221;15px&#8221;][vc_separator color=&#8221;custom&#8221; align=&#8221;align_left&#8221; border_width=&#8221;6&#8243; el_width=&#8221;30&#8243; css_animation=&#8221;left-to-right&#8221; accent_color=&#8221;#dedc00&#8243;][vc_empty_space height=&#8221;25px&#8221;][\/vc_column_inner][\/vc_row_inner][vc_row_inner content_placement=&#8221;top&#8221;][vc_column_inner&hellip;","og_url":"https:\/\/pglbr.com.br\/en\/important\/","og_site_name":"PGL Brasil","article_publisher":"https:\/\/www.facebook.com\/PGLBrasil\/","article_modified_time":"2022-04-19T22:14:41+00:00","twitter_card":"summary_large_image","twitter_misc":{"Est. reading time":"2 minutes"},"schema":{"@context":"https:\/\/schema.org","@graph":[{"@type":"WebPage","@id":"https:\/\/pglbr.com.br\/en\/important\/","url":"https:\/\/pglbr.com.br\/en\/important\/","name":"Important - PGL Brasil","isPartOf":{"@id":"https:\/\/pglbr.com.br\/en\/#website"},"datePublished":"2022-03-15T12:55:18+00:00","dateModified":"2022-04-19T22:14:41+00:00","breadcrumb":{"@id":"https:\/\/pglbr.com.br\/en\/important\/#breadcrumb"},"inLanguage":"en-US","potentialAction":[{"@type":"ReadAction","target":["https:\/\/pglbr.com.br\/en\/important\/"]}]},{"@type":"BreadcrumbList","@id":"https:\/\/pglbr.com.br\/en\/important\/#breadcrumb","itemListElement":[{"@type":"ListItem","position":1,"name":"Home","item":"https:\/\/pglbr.com.br\/en\/"},{"@type":"ListItem","position":2,"name":"Important"}]},{"@type":"WebSite","@id":"https:\/\/pglbr.com.br\/en\/#website","url":"https:\/\/pglbr.com.br\/en\/","name":"PGL Brasil","description":"Supply Chain Management","publisher":{"@id":"https:\/\/pglbr.com.br\/en\/#organization"},"alternateName":"PGL Brasil - Supply Chain Management","potentialAction":[{"@type":"SearchAction","target":{"@type":"EntryPoint","urlTemplate":"https:\/\/pglbr.com.br\/en\/?s={search_term_string}"},"query-input":{"@type":"PropertyValueSpecification","valueRequired":true,"valueName":"search_term_string"}}],"inLanguage":"en-US"},{"@type":"Organization","@id":"https:\/\/pglbr.com.br\/en\/#organization","name":"PGL Brasil","alternateName":"PGL Brasil - Supply Chain Management","url":"https:\/\/pglbr.com.br\/en\/","logo":{"@type":"ImageObject","inLanguage":"en-US","@id":"https:\/\/pglbr.com.br\/en\/#\/schema\/logo\/image\/","url":"https:\/\/pglbr.com.br\/wp-content\/uploads\/2021\/05\/pglmarca.svg","contentUrl":"https:\/\/pglbr.com.br\/wp-content\/uploads\/2021\/05\/pglmarca.svg","width":"1024","height":"1024","caption":"PGL Brasil"},"image":{"@id":"https:\/\/pglbr.com.br\/en\/#\/schema\/logo\/image\/"},"sameAs":["https:\/\/www.facebook.com\/PGLBrasil\/","https:\/\/www.instagram.com\/pgl.brasil\/","https:\/\/www.linkedin.com\/company\/pgl-brasil\/","https:\/\/www.youtube.com\/channel\/UCrcldnH0g3494FycQY5kp8Q"]}]}},"_links":{"self":[{"href":"https:\/\/pglbr.com.br\/en\/wp-json\/wp\/v2\/pages\/5922","targetHints":{"allow":["GET"]}}],"collection":[{"href":"https:\/\/pglbr.com.br\/en\/wp-json\/wp\/v2\/pages"}],"about":[{"href":"https:\/\/pglbr.com.br\/en\/wp-json\/wp\/v2\/types\/page"}],"author":[{"embeddable":true,"href":"https:\/\/pglbr.com.br\/en\/wp-json\/wp\/v2\/users\/2"}],"replies":[{"embeddable":true,"href":"https:\/\/pglbr.com.br\/en\/wp-json\/wp\/v2\/comments?post=5922"}],"version-history":[{"count":0,"href":"https:\/\/pglbr.com.br\/en\/wp-json\/wp\/v2\/pages\/5922\/revisions"}],"wp:attachment":[{"href":"https:\/\/pglbr.com.br\/en\/wp-json\/wp\/v2\/media?parent=5922"}],"curies":[{"name":"wp","href":"https:\/\/api.w.org\/{rel}","templated":true}]}}