{"id":7054,"date":"2018-02-15T09:28:18","date_gmt":"2018-02-15T11:28:18","guid":{"rendered":"https:\/\/pglbr.com.br\/quem-somos\/"},"modified":"2023-04-16T11:13:12","modified_gmt":"2023-04-16T14:13:12","slug":"quem-somos","status":"publish","type":"page","link":"https:\/\/pglbr.com.br\/es\/quem-somos\/","title":{"rendered":"Quienes Somos"},"content":{"rendered":"<section class=\"wpb-content-wrapper\">[vc_row thb_full_width=\u00bbtrue\u00bb thb_row_padding=\u00bbtrue\u00bb thb_column_padding=\u00bbtrue\u00bb css=\u00bb.vc_custom_1624647130137{padding-bottom: 100px !important;background-position: center !important;background-repeat: no-repeat !important;background-size: cover !important;}\u00bb thb_divider_color=\u00bb#ffffff\u00bb thb_divider_height=\u00bb100&#8243; thb_video_bg=\u00bbhttps:\/\/s3.amazonaws.com\/pglbr.com.br\/video-home_2.mp4&#8243;][vc_column][vc_row_inner css=\u00bb.vc_custom_1522314053191{padding-top: 25vh !important;padding-bottom: 14vh !important;}\u00bb][vc_column_inner]\t<div id=\"thb-autotype-69e1616410800\" class=\"thb-autotype \">\n\t\t\n<h1><strong><span class=\"thb-autotype-entry\" data-thb-cursor=\"\" data-thb-loop=\"\" data-strings=\"[&quot;Acerca de PGL&quot;]\" data-speed=\"50\"><\/span><\/strong><\/h1>\n\t\t\t\t<style>\n\t\t\t#thb-autotype-69e1616410800 .thb-autotype-entry {\n\t\t\t\tcolor: #ffffff;\n\t\t\t}\n\t\t<\/style>\n\t\t\t<\/div>\n\n\t[\/vc_column_inner][\/vc_row_inner][\/vc_column][\/vc_row][vc_row content_placement=\u00bbmiddle\u00bb thb_shape_divider=\u00bbtrue\u00bb css=\u00bb.vc_custom_1637345084967{padding-top: 100px !important;padding-bottom: 100px !important;}\u00bb divider_shape=\u00bbtilt_v2&#8243; thb_divider_color=\u00bb#ffffff\u00bb thb_divider_height=\u00bb100&#8243;][vc_column width=\u00bb1\/2&#8243;][vc_column_text animation=\u00bbanimation bottom-to-top\u00bb]\n<h3><span style=\"color: #808080;\"><strong>PGL es un proveedor log\u00edstico cien por ciento nacional especializado en log\u00edstica nacional e internacional puerta a puerta.<\/strong><\/span><\/h3>\n[\/vc_column_text][vc_separator color=\u00bbcustom\u00bb align=\u00bbalign_left\u00bb border_width=\u00bb6&#8243; el_width=\u00bb30&#8243; css_animation=\u00bbfadeInLeft\u00bb accent_color=\u00bb#dedc00&#8243;][vc_column_text animation=\u00bbanimation bottom-to-top\u00bb]<strong>MISSION<\/strong><br \/>\nNuestra misi\u00f3n es de ofrecer soluciones inteligentes para los m\u00e1s distintos tipos de cargas con agilidad, profesionalismo y seguridad para atender toda necesidad y expectativas de cada cliente.<\/p>\n<p><strong>VISI\u00d3N<\/strong><br \/>\nMejorar nuestros procesos de manera continua tal cual a nuestro equipo para atender a nuestros clientes con excelencia<\/p>\n<p><strong>VALORES<\/strong><br \/>\n\u00c9tica, disciplina y postura en todas relaciones en frente a nuestros clientes, proveedores y organizaciones publicas tal cual entre nuestro equipo.<\/p>\n<p>En las \u00faltimas dos d\u00e9cadas, PGL se ha destacado en la gesti\u00f3n de procesos de Supply Chain y Gesti\u00f3n de Cargas puerta a puerta, demostrando al mercado una manera pr\u00e1ctica, inteligente y din\u00e1mica sobre como manejar la log\u00edstica nacional e internacional.<\/p>\n<p>Buscando siempre la mejor condici\u00f3n para nuestros clientes, contamos con un equipo de m\u00e1s de 180 empleados enfocados y calificados en analizar y crear de manera estrat\u00e9gica el mejor camino entre dos puntos.<\/p>\n<p>Con matriz ubicada en S\u00e3o Paulo, contamos con oficinas en los principales puertos y aeropuertos de Brasil, como Guarulhos, Viracopos, Santos y S\u00e3o Jose dos Campos, adem\u00e1s de red local muy competente competentes en 14 estados brasile\u00f1os y en todo el mundo.<\/p>\n<p>\u00danico representante del network mundial de World Freight Alliance (WFA) en Brasil, tenemos una amplia experiencia en transporte internacional y integrado, todo esto para que nuestros clientes puedan concentrarse en su core business mientras contribuimos con nuestra experiencia.[\/vc_column_text][\/vc_column][vc_column width=\u00bb1\/2&#8243;]\t<div id=\"thb-image-69e1616410897\" class=\"caption-style1  alignleft   thb_image_link wp-caption \">\n\t\t\t<div class=\"thb-image-inner size_100\">\n\t\t\t<img loading=\"lazy\" decoding=\"async\" width=\"1600\" height=\"900\" src=\"https:\/\/pglbr.com.br\/wp-content\/uploads\/2021\/11\/pglnovasede-2.jpeg\" class=\"thb_image    attachment-full\" alt=\"\" title=\"pglnovasede-2\" srcset=\"https:\/\/pglbr.com.br\/wp-content\/uploads\/2021\/11\/pglnovasede-2.jpeg 1600w, https:\/\/pglbr.com.br\/wp-content\/uploads\/2021\/11\/pglnovasede-2-600x338.jpeg 600w, https:\/\/pglbr.com.br\/wp-content\/uploads\/2021\/11\/pglnovasede-2-1024x576.jpeg 1024w, https:\/\/pglbr.com.br\/wp-content\/uploads\/2021\/11\/pglnovasede-2-768x432.jpeg 768w, https:\/\/pglbr.com.br\/wp-content\/uploads\/2021\/11\/pglnovasede-2-1536x864.jpeg 1536w, https:\/\/pglbr.com.br\/wp-content\/uploads\/2021\/11\/pglnovasede-2-380x214.jpeg 380w, https:\/\/pglbr.com.br\/wp-content\/uploads\/2021\/11\/pglnovasede-2-20x11.jpeg 20w, https:\/\/pglbr.com.br\/wp-content\/uploads\/2021\/11\/pglnovasede-2-190x107.jpeg 190w, https:\/\/pglbr.com.br\/wp-content\/uploads\/2021\/11\/pglnovasede-2-760x428.jpeg 760w, https:\/\/pglbr.com.br\/wp-content\/uploads\/2021\/11\/pglnovasede-2-1140x641.jpeg 1140w\" sizes=\"auto, (max-width: 1600px) 100vw, 1600px\" \/>\t\t\t\t\t<\/div>\n\t\t\t\t\t<\/div>\n\t[vc_empty_space]\t<div id=\"thb-image-69e16164115b2\" class=\"caption-style1  alignleft   thb_image_link wp-caption \">\n\t\t\t<div class=\"thb-image-inner size_100\">\n\t\t\t<img loading=\"lazy\" decoding=\"async\" width=\"1600\" height=\"900\" src=\"https:\/\/pglbr.com.br\/wp-content\/uploads\/2021\/11\/pglnovasede-8.jpeg\" class=\"thb_image    attachment-full\" alt=\"\" title=\"pglnovasede-8\" srcset=\"https:\/\/pglbr.com.br\/wp-content\/uploads\/2021\/11\/pglnovasede-8.jpeg 1600w, https:\/\/pglbr.com.br\/wp-content\/uploads\/2021\/11\/pglnovasede-8-600x338.jpeg 600w, https:\/\/pglbr.com.br\/wp-content\/uploads\/2021\/11\/pglnovasede-8-1024x576.jpeg 1024w, https:\/\/pglbr.com.br\/wp-content\/uploads\/2021\/11\/pglnovasede-8-768x432.jpeg 768w, https:\/\/pglbr.com.br\/wp-content\/uploads\/2021\/11\/pglnovasede-8-1536x864.jpeg 1536w, https:\/\/pglbr.com.br\/wp-content\/uploads\/2021\/11\/pglnovasede-8-380x214.jpeg 380w, https:\/\/pglbr.com.br\/wp-content\/uploads\/2021\/11\/pglnovasede-8-20x11.jpeg 20w, https:\/\/pglbr.com.br\/wp-content\/uploads\/2021\/11\/pglnovasede-8-190x107.jpeg 190w, https:\/\/pglbr.com.br\/wp-content\/uploads\/2021\/11\/pglnovasede-8-760x428.jpeg 760w, https:\/\/pglbr.com.br\/wp-content\/uploads\/2021\/11\/pglnovasede-8-1140x641.jpeg 1140w\" sizes=\"auto, (max-width: 1600px) 100vw, 1600px\" \/>\t\t\t\t\t<\/div>\n\t\t\t\t\t<\/div>\n\t[\/vc_column][\/vc_row]\n<\/section>","protected":false},"excerpt":{"rendered":"<p>[vc_row thb_full_width=\u00bbtrue\u00bb thb_row_padding=\u00bbtrue\u00bb thb_column_padding=\u00bbtrue\u00bb css=\u00bb.vc_custom_1624647130137{padding-bottom: 100px !important;background-position: center !important;background-repeat: no-repeat !important;background-size: cover !important;}\u00bb thb_divider_color=\u00bb#ffffff\u00bb thb_divider_height=\u00bb100&#8243; thb_video_bg=\u00bbhttps:\/\/s3.amazonaws.com\/pglbr.com.br\/video-home_2.mp4&#8243;][vc_column][vc_row_inner css=\u00bb.vc_custom_1522314053191{padding-top: 25vh !important;padding-bottom: 14vh !important;}\u00bb][vc_column_inner][\/vc_column_inner][\/vc_row_inner][\/vc_column][\/vc_row][vc_row content_placement=\u00bbmiddle\u00bb thb_shape_divider=\u00bbtrue\u00bb css=\u00bb.vc_custom_1637345084967{padding-top: 100px !important;padding-bottom: 100px !important;}\u00bb divider_shape=\u00bbtilt_v2&#8243; thb_divider_color=\u00bb#ffffff\u00bb thb_divider_height=\u00bb100&#8243;][vc_column width=\u00bb1\/2&#8243;][vc_column_text animation=\u00bbanimation bottom-to-top\u00bb] PGL es un proveedor log\u00edstico cien por ciento nacional especializado en log\u00edstica nacional e internacional puerta a puerta. [\/vc_column_text][vc_separator color=\u00bbcustom\u00bb align=\u00bbalign_left\u00bb&hellip;<\/p>\n","protected":false},"author":2,"featured_media":0,"parent":0,"menu_order":0,"comment_status":"closed","ping_status":"closed","template":"","meta":{"inline_featured_image":false,"footnotes":""},"class_list":["post-7054","page","type-page","status-publish","hentry"],"yoast_head":"<!-- This site is optimized with the Yoast SEO plugin v26.9 - https:\/\/yoast.com\/product\/yoast-seo-wordpress\/ -->\n<title>Quienes Somos - PGL Brasil<\/title>\n<meta name=\"robots\" content=\"index, follow, max-snippet:-1, max-image-preview:large, max-video-preview:-1\" \/>\n<link rel=\"canonical\" href=\"https:\/\/pglbr.com.br\/es\/quem-somos\/\" \/>\n<meta property=\"og:locale\" content=\"es_ES\" \/>\n<meta property=\"og:type\" content=\"article\" \/>\n<meta property=\"og:title\" content=\"Quienes Somos - PGL Brasil\" \/>\n<meta property=\"og:description\" content=\"[vc_row thb_full_width=\u00bbtrue\u00bb thb_row_padding=\u00bbtrue\u00bb thb_column_padding=\u00bbtrue\u00bb css=\u00bb.vc_custom_1624647130137{padding-bottom: 100px !important;background-position: center !important;background-repeat: no-repeat !important;background-size: cover !important;}\u00bb thb_divider_color=\u00bb#ffffff\u00bb thb_divider_height=\u00bb100&#8243; thb_video_bg=\u00bbhttps:\/\/s3.amazonaws.com\/pglbr.com.br\/video-home_2.mp4&#8243;][vc_column][vc_row_inner css=\u00bb.vc_custom_1522314053191{padding-top: 25vh !important;padding-bottom: 14vh !important;}\u00bb][vc_column_inner][\/vc_column_inner][\/vc_row_inner][\/vc_column][\/vc_row][vc_row content_placement=\u00bbmiddle\u00bb thb_shape_divider=\u00bbtrue\u00bb css=\u00bb.vc_custom_1637345084967{padding-top: 100px !important;padding-bottom: 100px !important;}\u00bb divider_shape=\u00bbtilt_v2&#8243; thb_divider_color=\u00bb#ffffff\u00bb thb_divider_height=\u00bb100&#8243;][vc_column width=\u00bb1\/2&#8243;][vc_column_text animation=\u00bbanimation bottom-to-top\u00bb] PGL es un proveedor log\u00edstico cien por ciento nacional especializado en log\u00edstica nacional e internacional puerta a puerta. [\/vc_column_text][vc_separator color=\u00bbcustom\u00bb align=\u00bbalign_left\u00bb&hellip;\" \/>\n<meta property=\"og:url\" content=\"https:\/\/pglbr.com.br\/es\/quem-somos\/\" \/>\n<meta property=\"og:site_name\" content=\"PGL Brasil\" \/>\n<meta property=\"article:publisher\" content=\"https:\/\/www.facebook.com\/PGLBrasil\/\" \/>\n<meta property=\"article:modified_time\" content=\"2023-04-16T14:13:12+00:00\" \/>\n<meta name=\"twitter:card\" content=\"summary_large_image\" \/>\n<meta name=\"twitter:label1\" content=\"Tiempo de lectura\" \/>\n\t<meta name=\"twitter:data1\" content=\"2 minutos\" \/>\n<script type=\"application\/ld+json\" class=\"yoast-schema-graph\">{\"@context\":\"https:\/\/schema.org\",\"@graph\":[{\"@type\":\"WebPage\",\"@id\":\"https:\/\/pglbr.com.br\/es\/quem-somos\/\",\"url\":\"https:\/\/pglbr.com.br\/es\/quem-somos\/\",\"name\":\"Quienes Somos - PGL Brasil\",\"isPartOf\":{\"@id\":\"https:\/\/pglbr.com.br\/es\/#website\"},\"datePublished\":\"2018-02-15T11:28:18+00:00\",\"dateModified\":\"2023-04-16T14:13:12+00:00\",\"breadcrumb\":{\"@id\":\"https:\/\/pglbr.com.br\/es\/quem-somos\/#breadcrumb\"},\"inLanguage\":\"es\",\"potentialAction\":[{\"@type\":\"ReadAction\",\"target\":[\"https:\/\/pglbr.com.br\/es\/quem-somos\/\"]}]},{\"@type\":\"BreadcrumbList\",\"@id\":\"https:\/\/pglbr.com.br\/es\/quem-somos\/#breadcrumb\",\"itemListElement\":[{\"@type\":\"ListItem\",\"position\":1,\"name\":\"Home\",\"item\":\"https:\/\/pglbr.com.br\/es\/\"},{\"@type\":\"ListItem\",\"position\":2,\"name\":\"Quienes Somos\"}]},{\"@type\":\"WebSite\",\"@id\":\"https:\/\/pglbr.com.br\/es\/#website\",\"url\":\"https:\/\/pglbr.com.br\/es\/\",\"name\":\"PGL Brasil\",\"description\":\"Supply Chain Management\",\"publisher\":{\"@id\":\"https:\/\/pglbr.com.br\/es\/#organization\"},\"alternateName\":\"PGL Brasil - Supply Chain Management\",\"potentialAction\":[{\"@type\":\"SearchAction\",\"target\":{\"@type\":\"EntryPoint\",\"urlTemplate\":\"https:\/\/pglbr.com.br\/es\/?s={search_term_string}\"},\"query-input\":{\"@type\":\"PropertyValueSpecification\",\"valueRequired\":true,\"valueName\":\"search_term_string\"}}],\"inLanguage\":\"es\"},{\"@type\":\"Organization\",\"@id\":\"https:\/\/pglbr.com.br\/es\/#organization\",\"name\":\"PGL Brasil\",\"alternateName\":\"PGL Brasil - Supply Chain Management\",\"url\":\"https:\/\/pglbr.com.br\/es\/\",\"logo\":{\"@type\":\"ImageObject\",\"inLanguage\":\"es\",\"@id\":\"https:\/\/pglbr.com.br\/es\/#\/schema\/logo\/image\/\",\"url\":\"https:\/\/pglbr.com.br\/wp-content\/uploads\/2021\/05\/pglmarca.svg\",\"contentUrl\":\"https:\/\/pglbr.com.br\/wp-content\/uploads\/2021\/05\/pglmarca.svg\",\"width\":\"1024\",\"height\":\"1024\",\"caption\":\"PGL Brasil\"},\"image\":{\"@id\":\"https:\/\/pglbr.com.br\/es\/#\/schema\/logo\/image\/\"},\"sameAs\":[\"https:\/\/www.facebook.com\/PGLBrasil\/\",\"https:\/\/www.instagram.com\/pgl.brasil\/\",\"https:\/\/www.linkedin.com\/company\/pgl-brasil\/\",\"https:\/\/www.youtube.com\/channel\/UCrcldnH0g3494FycQY5kp8Q\"]}]}<\/script>\n<!-- \/ Yoast SEO plugin. -->","yoast_head_json":{"title":"Quienes Somos - PGL Brasil","robots":{"index":"index","follow":"follow","max-snippet":"max-snippet:-1","max-image-preview":"max-image-preview:large","max-video-preview":"max-video-preview:-1"},"canonical":"https:\/\/pglbr.com.br\/es\/quem-somos\/","og_locale":"es_ES","og_type":"article","og_title":"Quienes Somos - PGL Brasil","og_description":"[vc_row thb_full_width=\u00bbtrue\u00bb thb_row_padding=\u00bbtrue\u00bb thb_column_padding=\u00bbtrue\u00bb css=\u00bb.vc_custom_1624647130137{padding-bottom: 100px !important;background-position: center !important;background-repeat: no-repeat !important;background-size: cover !important;}\u00bb thb_divider_color=\u00bb#ffffff\u00bb thb_divider_height=\u00bb100&#8243; thb_video_bg=\u00bbhttps:\/\/s3.amazonaws.com\/pglbr.com.br\/video-home_2.mp4&#8243;][vc_column][vc_row_inner css=\u00bb.vc_custom_1522314053191{padding-top: 25vh !important;padding-bottom: 14vh !important;}\u00bb][vc_column_inner][\/vc_column_inner][\/vc_row_inner][\/vc_column][\/vc_row][vc_row content_placement=\u00bbmiddle\u00bb thb_shape_divider=\u00bbtrue\u00bb css=\u00bb.vc_custom_1637345084967{padding-top: 100px !important;padding-bottom: 100px !important;}\u00bb divider_shape=\u00bbtilt_v2&#8243; thb_divider_color=\u00bb#ffffff\u00bb thb_divider_height=\u00bb100&#8243;][vc_column width=\u00bb1\/2&#8243;][vc_column_text animation=\u00bbanimation bottom-to-top\u00bb] PGL es un proveedor log\u00edstico cien por ciento nacional especializado en log\u00edstica nacional e internacional puerta a puerta. [\/vc_column_text][vc_separator color=\u00bbcustom\u00bb align=\u00bbalign_left\u00bb&hellip;","og_url":"https:\/\/pglbr.com.br\/es\/quem-somos\/","og_site_name":"PGL Brasil","article_publisher":"https:\/\/www.facebook.com\/PGLBrasil\/","article_modified_time":"2023-04-16T14:13:12+00:00","twitter_card":"summary_large_image","twitter_misc":{"Tiempo de lectura":"2 minutos"},"schema":{"@context":"https:\/\/schema.org","@graph":[{"@type":"WebPage","@id":"https:\/\/pglbr.com.br\/es\/quem-somos\/","url":"https:\/\/pglbr.com.br\/es\/quem-somos\/","name":"Quienes Somos - PGL Brasil","isPartOf":{"@id":"https:\/\/pglbr.com.br\/es\/#website"},"datePublished":"2018-02-15T11:28:18+00:00","dateModified":"2023-04-16T14:13:12+00:00","breadcrumb":{"@id":"https:\/\/pglbr.com.br\/es\/quem-somos\/#breadcrumb"},"inLanguage":"es","potentialAction":[{"@type":"ReadAction","target":["https:\/\/pglbr.com.br\/es\/quem-somos\/"]}]},{"@type":"BreadcrumbList","@id":"https:\/\/pglbr.com.br\/es\/quem-somos\/#breadcrumb","itemListElement":[{"@type":"ListItem","position":1,"name":"Home","item":"https:\/\/pglbr.com.br\/es\/"},{"@type":"ListItem","position":2,"name":"Quienes Somos"}]},{"@type":"WebSite","@id":"https:\/\/pglbr.com.br\/es\/#website","url":"https:\/\/pglbr.com.br\/es\/","name":"PGL Brasil","description":"Supply Chain Management","publisher":{"@id":"https:\/\/pglbr.com.br\/es\/#organization"},"alternateName":"PGL Brasil - Supply Chain Management","potentialAction":[{"@type":"SearchAction","target":{"@type":"EntryPoint","urlTemplate":"https:\/\/pglbr.com.br\/es\/?s={search_term_string}"},"query-input":{"@type":"PropertyValueSpecification","valueRequired":true,"valueName":"search_term_string"}}],"inLanguage":"es"},{"@type":"Organization","@id":"https:\/\/pglbr.com.br\/es\/#organization","name":"PGL Brasil","alternateName":"PGL Brasil - Supply Chain Management","url":"https:\/\/pglbr.com.br\/es\/","logo":{"@type":"ImageObject","inLanguage":"es","@id":"https:\/\/pglbr.com.br\/es\/#\/schema\/logo\/image\/","url":"https:\/\/pglbr.com.br\/wp-content\/uploads\/2021\/05\/pglmarca.svg","contentUrl":"https:\/\/pglbr.com.br\/wp-content\/uploads\/2021\/05\/pglmarca.svg","width":"1024","height":"1024","caption":"PGL Brasil"},"image":{"@id":"https:\/\/pglbr.com.br\/es\/#\/schema\/logo\/image\/"},"sameAs":["https:\/\/www.facebook.com\/PGLBrasil\/","https:\/\/www.instagram.com\/pgl.brasil\/","https:\/\/www.linkedin.com\/company\/pgl-brasil\/","https:\/\/www.youtube.com\/channel\/UCrcldnH0g3494FycQY5kp8Q"]}]}},"_links":{"self":[{"href":"https:\/\/pglbr.com.br\/es\/wp-json\/wp\/v2\/pages\/7054","targetHints":{"allow":["GET"]}}],"collection":[{"href":"https:\/\/pglbr.com.br\/es\/wp-json\/wp\/v2\/pages"}],"about":[{"href":"https:\/\/pglbr.com.br\/es\/wp-json\/wp\/v2\/types\/page"}],"author":[{"embeddable":true,"href":"https:\/\/pglbr.com.br\/es\/wp-json\/wp\/v2\/users\/2"}],"replies":[{"embeddable":true,"href":"https:\/\/pglbr.com.br\/es\/wp-json\/wp\/v2\/comments?post=7054"}],"version-history":[{"count":0,"href":"https:\/\/pglbr.com.br\/es\/wp-json\/wp\/v2\/pages\/7054\/revisions"}],"wp:attachment":[{"href":"https:\/\/pglbr.com.br\/es\/wp-json\/wp\/v2\/media?parent=7054"}],"curies":[{"name":"wp","href":"https:\/\/api.w.org\/{rel}","templated":true}]}}