{"id":7062,"date":"2021-05-30T16:42:38","date_gmt":"2021-05-30T19:42:38","guid":{"rendered":"https:\/\/pglbr.com.br\/certificados-e-premiacoes\/"},"modified":"2026-03-26T10:38:26","modified_gmt":"2026-03-26T13:38:26","slug":"certificados-y-premiaciones","status":"publish","type":"page","link":"https:\/\/pglbr.com.br\/es\/certificados-y-premiaciones\/","title":{"rendered":"Certificados y Premiaciones"},"content":{"rendered":"<section class=\"wpb-content-wrapper\">[vc_row thb_full_width=\u00bbtrue\u00bb thb_row_padding=\u00bbtrue\u00bb thb_column_padding=\u00bbtrue\u00bb full_height=\u00bbyes\u00bb css=\u00bb.vc_custom_1624811574187{padding-top: 24vh !important;padding-bottom: 12vh !important;background-image: url(https:\/\/pglbr.com.br\/wp-content\/uploads\/2021\/06\/certificados.jpg?id=1074) !important;}\u00bb][vc_column][vc_row_inner content_placement=\u00bbmiddle\u00bb][vc_column_inner thb_color=\u00bbthb-light-column\u00bb width=\u00bb1\/2&#8243;]\t<div id=\"thb-slidetype-69d51834f336b\" class=\"thb-slidetype \" data-style=\"style1\">\n\t\t\n<h1><span class=\"thb-slidetype-entry\"><span class=\"lines\">Certificados y Premiaciones<\/span><\/span><\/h1>\n\t\t\t\t<style>\n\t\t\t#thb-slidetype-69d51834f336b .thb-slidetype-entry {\n\t\t\t\tcolor: #ffffff;\n\t\t\t}\n\t\t<\/style>\n\t\t\t<\/div>\n\n\t[vc_empty_space height=\u00bb25px\u00bb][vc_separator color=\u00bbwhite\u00bb align=\u00bbalign_left\u00bb css_animation=\u00bbleft-to-right\u00bb][vc_empty_space height=\u00bb25px\u00bb][\/vc_column_inner][vc_column_inner el_class=\u00bbtext-center\u00bb width=\u00bb1\/2&#8243;][\/vc_column_inner][\/vc_row_inner][\/vc_column][\/vc_row][vc_row css=\u00bb.vc_custom_1590054963835{padding-top: 15vh !important;padding-bottom: 13vh !important;}\u00bb][vc_column width=\u00bb1\/4&#8243;]\t<div id=\"thb-image-69d51834f3438\" class=\"caption-style1  alignleft   thb_image_link wp-caption \">\n\t\t\t<div class=\"thb-image-inner size_100\">\n\t\t\t<img loading=\"lazy\" decoding=\"async\" width=\"367\" height=\"524\" src=\"https:\/\/pglbr.com.br\/wp-content\/uploads\/2021\/06\/iso9001-2015.jpg\" class=\"thb_image    attachment-full\" alt=\"\" title=\"iso9001-2015\" srcset=\"https:\/\/pglbr.com.br\/wp-content\/uploads\/2021\/06\/iso9001-2015.jpg 367w, https:\/\/pglbr.com.br\/wp-content\/uploads\/2021\/06\/iso9001-2015-210x300.jpg 210w, https:\/\/pglbr.com.br\/wp-content\/uploads\/2021\/06\/iso9001-2015-190x271.jpg 190w, https:\/\/pglbr.com.br\/wp-content\/uploads\/2021\/06\/iso9001-2015-20x29.jpg 20w\" sizes=\"auto, (max-width: 367px) 100vw, 367px\" \/>\t\t\t\t\t<\/div>\n\t\t\t\t\t<\/div>\n\t[\/vc_column][vc_column width=\u00bb1\/4&#8243; css=\u00bb.vc_custom_1589980701439{padding-left: 5% !important;}\u00bb]\t<div id=\"thb-slidetype-69d518350267e\" class=\"thb-slidetype \" data-style=\"style1\">\n\t\t\n<h2><span class=\"thb-slidetype-entry\"><span class=\"lines\">Certificaci\u00f3n<br \/>\nISO 9001<\/span><\/span><\/h2>\n\t\t\t<\/div>\n\n\t[vc_row_inner thb_max_width=\u00bb\u00bb][vc_column_inner]\t<div class=\"thb-iconlist \" id=\"thb-iconlist-69d5183502712\">\n\t\t<ul>\n\t\t\t\t\t\t  <li class=\"thb-iconlist-li \">\n\t\t\t\t  <i class=\"far fa-check-circle\"><\/i>\n\t\t\t\tGesti\u00f3n de calidad\t\t\t  <\/li>\n\t\t  \t\t\t  <li class=\"thb-iconlist-li \">\n\t\t\t\t  <i class=\"far fa-check-circle\"><\/i>\n\t\t\t\tMediciones\t\t\t  <\/li>\n\t\t  \t\t\t  <li class=\"thb-iconlist-li \">\n\t\t\t\t  <i class=\"far fa-check-circle\"><\/i>\n\t\t\t\tAn\u00e1lisis y Mejoras\t\t\t  <\/li>\n\t\t  \t\t\t  <li class=\"thb-iconlist-li \">\n\t\t\t\t  <i class=\"far fa-check-circle\"><\/i>\n\t\t\t\tResponsabilidad y comunicaci\u00f3n\t\t\t  <\/li>\n\t\t  \t\t\t  <li class=\"thb-iconlist-li \">\n\t\t\t\t  <i class=\"far fa-check-circle\"><\/i>\n\t\t\t\tCompetencia y capacitaci\u00f3n\t\t\t  <\/li>\n\t\t  \t\t<\/ul>\n\t\t<style>\n\t\t\t\t\t\t#thb-iconlist-69d5183502712.thb-iconlist .fa,\n\t\t#thb-iconlist-69d5183502712.thb-iconlist .fas {\n\t\t\t\tcolor: #0f5bf5;\n\t\t\t}\n\t\t\t\t\t\t\t\t<\/style>\n\t<\/div>\n\t[vc_empty_space height=\u00bb45px\u00bb][vc_separator border_width=\u00bb6&#8243;][\/vc_column_inner][\/vc_row_inner][\/vc_column][vc_column width=\u00bb1\/4&#8243;]\t<div id=\"thb-image-69d51835027cb\" class=\"caption-style1  alignleft   thb_image_link wp-caption \">\n\t\t\t<div class=\"thb-image-inner size_100\">\n\t\t\t<img loading=\"lazy\" decoding=\"async\" width=\"367\" height=\"524\" src=\"https:\/\/pglbr.com.br\/wp-content\/uploads\/2021\/06\/certificado.jpg\" class=\"thb_image    attachment-full\" alt=\"\" title=\"certificado\" srcset=\"https:\/\/pglbr.com.br\/wp-content\/uploads\/2021\/06\/certificado.jpg 367w, https:\/\/pglbr.com.br\/wp-content\/uploads\/2021\/06\/certificado-210x300.jpg 210w, https:\/\/pglbr.com.br\/wp-content\/uploads\/2021\/06\/certificado-190x271.jpg 190w, https:\/\/pglbr.com.br\/wp-content\/uploads\/2021\/06\/certificado-20x29.jpg 20w\" sizes=\"auto, (max-width: 367px) 100vw, 367px\" \/>\t\t\t\t\t<\/div>\n\t\t\t\t\t<\/div>\n\t[\/vc_column][vc_column width=\u00bb1\/4&#8243;]\t<div id=\"thb-slidetype-69d5183505050\" class=\"thb-slidetype \" data-style=\"style1\">\n\t\t\n<h2><span class=\"thb-slidetype-entry\"><span class=\"lines\">Best In Class Independent Freight Fowarder in Brazil<\/span><\/span><\/h2>\n\t\t\t<\/div>\n\n\t\t<div class=\"thb-iconlist \" id=\"thb-iconlist-69d51835050b5\">\n\t\t<ul>\n\t\t\t\t\t\t  <li class=\"thb-iconlist-li \">\n\t\t\t\t  <i class=\"far fa-check-circle\"><\/i>\n\t\t\t\tGanadores de diversos premios entre ellos \u201cBest In Class Independent Freight Fowarder in Brazil\u201d (por Global Institute of Logistics 2016)\t\t\t  <\/li>\n\t\t  \t\t<\/ul>\n\t\t<style>\n\t\t\t\t\t\t#thb-iconlist-69d51835050b5.thb-iconlist .fa,\n\t\t#thb-iconlist-69d51835050b5.thb-iconlist .fas {\n\t\t\t\tcolor: #0f5bf5;\n\t\t\t}\n\t\t\t\t\t\t\t\t<\/style>\n\t<\/div>\n\t[vc_empty_space height=\u00bb45px\u00bb][vc_separator border_width=\u00bb6&#8243;][\/vc_column][\/vc_row][vc_row][vc_column width=\u00bb1\/4&#8243;]\t<div id=\"thb-image-69d518350515e\" class=\"caption-style1  alignleft   thb_image_link wp-caption \">\n\t\t\t<div class=\"thb-image-inner size_100\">\n\t\t\t<img loading=\"lazy\" decoding=\"async\" width=\"560\" height=\"380\" src=\"https:\/\/pglbr.com.br\/wp-content\/uploads\/2021\/06\/oea.jpeg\" class=\"thb_image    attachment-full\" alt=\"\" title=\"oea\" srcset=\"https:\/\/pglbr.com.br\/wp-content\/uploads\/2021\/06\/oea.jpeg 560w, https:\/\/pglbr.com.br\/wp-content\/uploads\/2021\/06\/oea-300x204.jpeg 300w, https:\/\/pglbr.com.br\/wp-content\/uploads\/2021\/06\/oea-380x258.jpeg 380w, https:\/\/pglbr.com.br\/wp-content\/uploads\/2021\/06\/oea-20x14.jpeg 20w, https:\/\/pglbr.com.br\/wp-content\/uploads\/2021\/06\/oea-190x129.jpeg 190w\" sizes=\"auto, (max-width: 560px) 100vw, 560px\" \/>\t\t\t\t\t<\/div>\n\t\t\t\t\t<\/div>\n\t[\/vc_column][vc_column width=\u00bb3\/4&#8243; css=\u00bb.vc_custom_1589980701439{padding-left: 5% !important;}\u00bb]\t<div id=\"thb-slidetype-69d5183506c7f\" class=\"thb-slidetype \" data-style=\"style1\">\n\t\t\n<h2><span class=\"thb-slidetype-entry\"><span class=\"lines\">Certificado OEA<\/span><\/span><\/h2>\n\t\t\t<\/div>\n\n\t[vc_column_text]Las empresas PGL Brasil y Prime, del grupo PGL, cuentan con el Certificado OEA (Operador Econ\u00f3mico Autorizado), lo que nos permite obtener el reconocimiento de la Aduana de cualquier pa\u00eds y acceder a ventajas como:[\/vc_column_text][vc_row_inner thb_max_width=\u00bb\u00bb][vc_column_inner]\t<div class=\"thb-iconlist \" id=\"thb-iconlist-69d5183506d15\">\n\t\t<ul>\n\t\t\t\t\t\t  <li class=\"thb-iconlist-li \">\n\t\t\t\t  <i class=\"far fa-check-circle\"><\/i>\n\t\t\t\tAceleraci\u00f3n en el transporte log\u00edstico de carga brasile\u00f1a\t\t\t  <\/li>\n\t\t  \t\t\t  <li class=\"thb-iconlist-li \">\n\t\t\t\t  <i class=\"far fa-check-circle\"><\/i>\n\t\t\t\tLiberaciones de cargas en los puertos\t\t\t  <\/li>\n\t\t  \t\t\t  <li class=\"thb-iconlist-li \">\n\t\t\t\t  <i class=\"far fa-check-circle\"><\/i>\n\t\t\t\tTratamiento prioritario de almacenamiento\t\t\t  <\/li>\n\t\t  \t\t\t  <li class=\"thb-iconlist-li \">\n\t\t\t\t  <i class=\"far fa-check-circle\"><\/i>\n\t\t\t\tPlazo reducido en la liberaci\u00f3n y embarque de los productos\t\t\t  <\/li>\n\t\t  \t\t<\/ul>\n\t\t<style>\n\t\t\t\t\t\t#thb-iconlist-69d5183506d15.thb-iconlist .fa,\n\t\t#thb-iconlist-69d5183506d15.thb-iconlist .fas {\n\t\t\t\tcolor: #0f5bf5;\n\t\t\t}\n\t\t\t\t\t\t\t\t<\/style>\n\t<\/div>\n\t[\/vc_column_inner][\/vc_row_inner][vc_empty_space height=\u00bb45px\u00bb][vc_column_text]La certificaci\u00f3n OEA garantiza operaciones con un alto nivel de cumplimiento y facilita la obtenci\u00f3n de sus certificaciones, alcanzando el 100% de buenas pr\u00e1cticas a lo largo de toda la cadena log\u00edstica. De este modo, aseguramos la aplicaci\u00f3n integral de las ventajas operativas exclusivas de las empresas certificadas como OEA, tales como:[\/vc_column_text][vc_row_inner thb_max_width=\u00bb\u00bb][vc_column_inner]\t<div class=\"thb-iconlist \" id=\"thb-iconlist-69d5183506def\">\n\t\t<ul>\n\t\t\t\t\t\t  <li class=\"thb-iconlist-li \">\n\t\t\t\t  <i class=\"far fa-check-circle\"><\/i>\n\t\t\t\tParametrizaci\u00f3n inmediata y reducci\u00f3n de canal distinto al verde y prioridad en la verificaci\u00f3n f\u00edsica en la exportaci\u00f3n y en la importaci\u00f3n\t\t\t  <\/li>\n\t\t  \t\t\t  <li class=\"thb-iconlist-li \">\n\t\t\t\t  <i class=\"far fa-check-circle\"><\/i>\n\t\t\t\tAcceso prioritario a los transportadores OEA a las instalaciones aduaneras y consecuencia agilidad en las soluciones de cargas\t\t\t  <\/li>\n\t\t  \t\t\t  <li class=\"thb-iconlist-li \">\n\t\t\t\t  <i class=\"far fa-check-circle\"><\/i>\n\t\t\t\tRespuestas a las consultas de clasificaci\u00f3n fiscal en un plazo de 40 d\u00edas\t\t\t  <\/li>\n\t\t  \t\t\t  <li class=\"thb-iconlist-li \">\n\t\t\t\t  <i class=\"far fa-check-circle\"><\/i>\n\t\t\t\tCarga patio por 24 horas en el modal a\u00e9reo con tratamiento de almacenamiento prioritario\t\t\t  <\/li>\n\t\t  \t\t\t  <li class=\"thb-iconlist-li \">\n\t\t\t\t  <i class=\"far fa-check-circle\"><\/i>\n\t\t\t\tRegistro anticipado de la Declaraci\u00f3n de Importaci\u00f3n o DUIMP por transporte naval\t\t\t  <\/li>\n\t\t  \t\t<\/ul>\n\t\t<style>\n\t\t\t\t\t\t#thb-iconlist-69d5183506def.thb-iconlist .fa,\n\t\t#thb-iconlist-69d5183506def.thb-iconlist .fas {\n\t\t\t\tcolor: #0f5bf5;\n\t\t\t}\n\t\t\t\t\t\t\t\t<\/style>\n\t<\/div>\n\t[\/vc_column_inner][\/vc_row_inner][\/vc_column][\/vc_row][vc_row thb_full_width=\u00bbtrue\u00bb thb_row_padding=\u00bbtrue\u00bb thb_column_padding=\u00bbtrue\u00bb css=\u00bb.vc_custom_1623695341936{margin-top: 15vh !important;border-top-width: 1px !important;padding-top: 15px !important;padding-bottom: 15px !important;background-color: #575757 !important;background-position: center !important;background-repeat: no-repeat !important;background-size: cover !important;border-top-color: #f4f4f4 !important;}\u00bb][vc_column][vc_row_inner content_placement=\u00bbmiddle\u00bb el_class=\u00bbalign-center\u00bb][vc_column_inner width=\u00bb2\/3&#8243; css=\u00bb.vc_custom_1523020985009{padding-top: 35px !important;}\u00bb][vc_column_text]\n<h2><span style=\"color: #ffffff;\">Cualquiera que sea su demanda,<\/span><br \/>\n<span style=\"color: #ffffff;\"><span style=\"color: #dedc00;\"><em>cuente con nosotros<\/em><\/span> para ayudarlo en este viaje.<\/span><\/h2>\n[\/vc_column_text][\/vc_column_inner][vc_column_inner el_class=\u00bbtext-right\u00bb width=\u00bb1\/3&#8243; animation=\u00bbanimation bottom-to-top\u00bb css=\u00bb.vc_custom_1523020888583{padding-top: 25px !important;padding-bottom: 25px !important;}\u00bb]\t<a id=\"thb-button-69d5183506ee7\" class=\"btn style4 medium full white no-radius animation bottom-to-top   \" href=\"https:\/\/pglbr.com.br\/es\/contacto\/\" target=\"_self\" role=\"button\">\n\t\t<span>ENTRE EN CONTACTO<\/span>\n\t\t\t<\/a>\n\t\t[\/vc_column_inner][\/vc_row_inner][\/vc_column][\/vc_row]\n<\/section>","protected":false},"excerpt":{"rendered":"<p>[vc_row thb_full_width=\u00bbtrue\u00bb thb_row_padding=\u00bbtrue\u00bb thb_column_padding=\u00bbtrue\u00bb full_height=\u00bbyes\u00bb css=\u00bb.vc_custom_1624811574187{padding-top: 24vh !important;padding-bottom: 12vh !important;background-image: url(https:\/\/pglbr.com.br\/wp-content\/uploads\/2021\/06\/certificados.jpg?id=1074) !important;}\u00bb][vc_column][vc_row_inner content_placement=\u00bbmiddle\u00bb][vc_column_inner thb_color=\u00bbthb-light-column\u00bb width=\u00bb1\/2&#8243;][vc_empty_space height=\u00bb25px\u00bb][vc_separator color=\u00bbwhite\u00bb align=\u00bbalign_left\u00bb css_animation=\u00bbleft-to-right\u00bb][vc_empty_space height=\u00bb25px\u00bb][\/vc_column_inner][vc_column_inner el_class=\u00bbtext-center\u00bb width=\u00bb1\/2&#8243;][\/vc_column_inner][\/vc_row_inner][\/vc_column][\/vc_row][vc_row css=\u00bb.vc_custom_1590054963835{padding-top: 15vh !important;padding-bottom: 13vh !important;}\u00bb][vc_column width=\u00bb1\/4&#8243;][\/vc_column][vc_column width=\u00bb1\/4&#8243; css=\u00bb.vc_custom_1589980701439{padding-left: 5% !important;}\u00bb][vc_row_inner thb_max_width=\u00bb\u00bb][vc_column_inner][vc_empty_space height=\u00bb45px\u00bb][vc_separator border_width=\u00bb6&#8243;][\/vc_column_inner][\/vc_row_inner][\/vc_column][vc_column width=\u00bb1\/4&#8243;][\/vc_column][vc_column width=\u00bb1\/4&#8243;][vc_empty_space height=\u00bb45px\u00bb][vc_separator border_width=\u00bb6&#8243;][\/vc_column][\/vc_row][vc_row][vc_column width=\u00bb1\/4&#8243;][\/vc_column][vc_column width=\u00bb3\/4&#8243; css=\u00bb.vc_custom_1589980701439{padding-left: 5% !important;}\u00bb][vc_column_text]Las empresas PGL Brasil y Prime, del grupo PGL, cuentan con el&hellip;<\/p>\n","protected":false},"author":2,"featured_media":0,"parent":0,"menu_order":0,"comment_status":"closed","ping_status":"closed","template":"","meta":{"inline_featured_image":false,"footnotes":""},"class_list":["post-7062","page","type-page","status-publish","hentry"],"yoast_head":"<!-- This site is optimized with the Yoast SEO plugin v26.9 - https:\/\/yoast.com\/product\/yoast-seo-wordpress\/ -->\n<title>Certificados y Premiaciones - PGL Brasil<\/title>\n<meta name=\"robots\" content=\"index, follow, max-snippet:-1, max-image-preview:large, max-video-preview:-1\" \/>\n<link rel=\"canonical\" href=\"https:\/\/pglbr.com.br\/es\/certificados-y-premiaciones\/\" \/>\n<meta property=\"og:locale\" content=\"es_ES\" \/>\n<meta property=\"og:type\" content=\"article\" \/>\n<meta property=\"og:title\" content=\"Certificados y Premiaciones - PGL Brasil\" \/>\n<meta property=\"og:description\" content=\"[vc_row thb_full_width=\u00bbtrue\u00bb thb_row_padding=\u00bbtrue\u00bb thb_column_padding=\u00bbtrue\u00bb full_height=\u00bbyes\u00bb css=\u00bb.vc_custom_1624811574187{padding-top: 24vh !important;padding-bottom: 12vh !important;background-image: url(https:\/\/pglbr.com.br\/wp-content\/uploads\/2021\/06\/certificados.jpg?id=1074) !important;}\u00bb][vc_column][vc_row_inner content_placement=\u00bbmiddle\u00bb][vc_column_inner thb_color=\u00bbthb-light-column\u00bb width=\u00bb1\/2&#8243;][vc_empty_space height=\u00bb25px\u00bb][vc_separator color=\u00bbwhite\u00bb align=\u00bbalign_left\u00bb css_animation=\u00bbleft-to-right\u00bb][vc_empty_space height=\u00bb25px\u00bb][\/vc_column_inner][vc_column_inner el_class=\u00bbtext-center\u00bb width=\u00bb1\/2&#8243;][\/vc_column_inner][\/vc_row_inner][\/vc_column][\/vc_row][vc_row css=\u00bb.vc_custom_1590054963835{padding-top: 15vh !important;padding-bottom: 13vh !important;}\u00bb][vc_column width=\u00bb1\/4&#8243;][\/vc_column][vc_column width=\u00bb1\/4&#8243; css=\u00bb.vc_custom_1589980701439{padding-left: 5% !important;}\u00bb][vc_row_inner thb_max_width=\u00bb\u00bb][vc_column_inner][vc_empty_space height=\u00bb45px\u00bb][vc_separator border_width=\u00bb6&#8243;][\/vc_column_inner][\/vc_row_inner][\/vc_column][vc_column width=\u00bb1\/4&#8243;][\/vc_column][vc_column width=\u00bb1\/4&#8243;][vc_empty_space height=\u00bb45px\u00bb][vc_separator border_width=\u00bb6&#8243;][\/vc_column][\/vc_row][vc_row][vc_column width=\u00bb1\/4&#8243;][\/vc_column][vc_column width=\u00bb3\/4&#8243; css=\u00bb.vc_custom_1589980701439{padding-left: 5% !important;}\u00bb][vc_column_text]Las empresas PGL Brasil y Prime, del grupo PGL, cuentan con el&hellip;\" \/>\n<meta property=\"og:url\" content=\"https:\/\/pglbr.com.br\/es\/certificados-y-premiaciones\/\" \/>\n<meta property=\"og:site_name\" content=\"PGL Brasil\" \/>\n<meta property=\"article:publisher\" content=\"https:\/\/www.facebook.com\/PGLBrasil\/\" \/>\n<meta property=\"article:modified_time\" content=\"2026-03-26T13:38:26+00:00\" \/>\n<meta name=\"twitter:card\" content=\"summary_large_image\" \/>\n<meta name=\"twitter:label1\" content=\"Tiempo de lectura\" \/>\n\t<meta name=\"twitter:data1\" content=\"3 minutos\" \/>\n<script type=\"application\/ld+json\" class=\"yoast-schema-graph\">{\"@context\":\"https:\/\/schema.org\",\"@graph\":[{\"@type\":\"WebPage\",\"@id\":\"https:\/\/pglbr.com.br\/es\/certificados-y-premiaciones\/\",\"url\":\"https:\/\/pglbr.com.br\/es\/certificados-y-premiaciones\/\",\"name\":\"Certificados y Premiaciones - PGL Brasil\",\"isPartOf\":{\"@id\":\"https:\/\/pglbr.com.br\/es\/#website\"},\"datePublished\":\"2021-05-30T19:42:38+00:00\",\"dateModified\":\"2026-03-26T13:38:26+00:00\",\"breadcrumb\":{\"@id\":\"https:\/\/pglbr.com.br\/es\/certificados-y-premiaciones\/#breadcrumb\"},\"inLanguage\":\"es\",\"potentialAction\":[{\"@type\":\"ReadAction\",\"target\":[\"https:\/\/pglbr.com.br\/es\/certificados-y-premiaciones\/\"]}]},{\"@type\":\"BreadcrumbList\",\"@id\":\"https:\/\/pglbr.com.br\/es\/certificados-y-premiaciones\/#breadcrumb\",\"itemListElement\":[{\"@type\":\"ListItem\",\"position\":1,\"name\":\"Home\",\"item\":\"https:\/\/pglbr.com.br\/es\/\"},{\"@type\":\"ListItem\",\"position\":2,\"name\":\"Certificados y Premiaciones\"}]},{\"@type\":\"WebSite\",\"@id\":\"https:\/\/pglbr.com.br\/es\/#website\",\"url\":\"https:\/\/pglbr.com.br\/es\/\",\"name\":\"PGL Brasil\",\"description\":\"Supply Chain Management\",\"publisher\":{\"@id\":\"https:\/\/pglbr.com.br\/es\/#organization\"},\"alternateName\":\"PGL Brasil - Supply Chain Management\",\"potentialAction\":[{\"@type\":\"SearchAction\",\"target\":{\"@type\":\"EntryPoint\",\"urlTemplate\":\"https:\/\/pglbr.com.br\/es\/?s={search_term_string}\"},\"query-input\":{\"@type\":\"PropertyValueSpecification\",\"valueRequired\":true,\"valueName\":\"search_term_string\"}}],\"inLanguage\":\"es\"},{\"@type\":\"Organization\",\"@id\":\"https:\/\/pglbr.com.br\/es\/#organization\",\"name\":\"PGL Brasil\",\"alternateName\":\"PGL Brasil - Supply Chain Management\",\"url\":\"https:\/\/pglbr.com.br\/es\/\",\"logo\":{\"@type\":\"ImageObject\",\"inLanguage\":\"es\",\"@id\":\"https:\/\/pglbr.com.br\/es\/#\/schema\/logo\/image\/\",\"url\":\"https:\/\/pglbr.com.br\/wp-content\/uploads\/2021\/05\/pglmarca.svg\",\"contentUrl\":\"https:\/\/pglbr.com.br\/wp-content\/uploads\/2021\/05\/pglmarca.svg\",\"width\":\"1024\",\"height\":\"1024\",\"caption\":\"PGL Brasil\"},\"image\":{\"@id\":\"https:\/\/pglbr.com.br\/es\/#\/schema\/logo\/image\/\"},\"sameAs\":[\"https:\/\/www.facebook.com\/PGLBrasil\/\",\"https:\/\/www.instagram.com\/pgl.brasil\/\",\"https:\/\/www.linkedin.com\/company\/pgl-brasil\/\",\"https:\/\/www.youtube.com\/channel\/UCrcldnH0g3494FycQY5kp8Q\"]}]}<\/script>\n<!-- \/ Yoast SEO plugin. -->","yoast_head_json":{"title":"Certificados y Premiaciones - PGL Brasil","robots":{"index":"index","follow":"follow","max-snippet":"max-snippet:-1","max-image-preview":"max-image-preview:large","max-video-preview":"max-video-preview:-1"},"canonical":"https:\/\/pglbr.com.br\/es\/certificados-y-premiaciones\/","og_locale":"es_ES","og_type":"article","og_title":"Certificados y Premiaciones - PGL Brasil","og_description":"[vc_row thb_full_width=\u00bbtrue\u00bb thb_row_padding=\u00bbtrue\u00bb thb_column_padding=\u00bbtrue\u00bb full_height=\u00bbyes\u00bb css=\u00bb.vc_custom_1624811574187{padding-top: 24vh !important;padding-bottom: 12vh !important;background-image: url(https:\/\/pglbr.com.br\/wp-content\/uploads\/2021\/06\/certificados.jpg?id=1074) !important;}\u00bb][vc_column][vc_row_inner content_placement=\u00bbmiddle\u00bb][vc_column_inner thb_color=\u00bbthb-light-column\u00bb width=\u00bb1\/2&#8243;][vc_empty_space height=\u00bb25px\u00bb][vc_separator color=\u00bbwhite\u00bb align=\u00bbalign_left\u00bb css_animation=\u00bbleft-to-right\u00bb][vc_empty_space height=\u00bb25px\u00bb][\/vc_column_inner][vc_column_inner el_class=\u00bbtext-center\u00bb width=\u00bb1\/2&#8243;][\/vc_column_inner][\/vc_row_inner][\/vc_column][\/vc_row][vc_row css=\u00bb.vc_custom_1590054963835{padding-top: 15vh !important;padding-bottom: 13vh !important;}\u00bb][vc_column width=\u00bb1\/4&#8243;][\/vc_column][vc_column width=\u00bb1\/4&#8243; css=\u00bb.vc_custom_1589980701439{padding-left: 5% !important;}\u00bb][vc_row_inner thb_max_width=\u00bb\u00bb][vc_column_inner][vc_empty_space height=\u00bb45px\u00bb][vc_separator border_width=\u00bb6&#8243;][\/vc_column_inner][\/vc_row_inner][\/vc_column][vc_column width=\u00bb1\/4&#8243;][\/vc_column][vc_column width=\u00bb1\/4&#8243;][vc_empty_space height=\u00bb45px\u00bb][vc_separator border_width=\u00bb6&#8243;][\/vc_column][\/vc_row][vc_row][vc_column width=\u00bb1\/4&#8243;][\/vc_column][vc_column width=\u00bb3\/4&#8243; css=\u00bb.vc_custom_1589980701439{padding-left: 5% !important;}\u00bb][vc_column_text]Las empresas PGL Brasil y Prime, del grupo PGL, cuentan con el&hellip;","og_url":"https:\/\/pglbr.com.br\/es\/certificados-y-premiaciones\/","og_site_name":"PGL Brasil","article_publisher":"https:\/\/www.facebook.com\/PGLBrasil\/","article_modified_time":"2026-03-26T13:38:26+00:00","twitter_card":"summary_large_image","twitter_misc":{"Tiempo de lectura":"3 minutos"},"schema":{"@context":"https:\/\/schema.org","@graph":[{"@type":"WebPage","@id":"https:\/\/pglbr.com.br\/es\/certificados-y-premiaciones\/","url":"https:\/\/pglbr.com.br\/es\/certificados-y-premiaciones\/","name":"Certificados y Premiaciones - PGL Brasil","isPartOf":{"@id":"https:\/\/pglbr.com.br\/es\/#website"},"datePublished":"2021-05-30T19:42:38+00:00","dateModified":"2026-03-26T13:38:26+00:00","breadcrumb":{"@id":"https:\/\/pglbr.com.br\/es\/certificados-y-premiaciones\/#breadcrumb"},"inLanguage":"es","potentialAction":[{"@type":"ReadAction","target":["https:\/\/pglbr.com.br\/es\/certificados-y-premiaciones\/"]}]},{"@type":"BreadcrumbList","@id":"https:\/\/pglbr.com.br\/es\/certificados-y-premiaciones\/#breadcrumb","itemListElement":[{"@type":"ListItem","position":1,"name":"Home","item":"https:\/\/pglbr.com.br\/es\/"},{"@type":"ListItem","position":2,"name":"Certificados y Premiaciones"}]},{"@type":"WebSite","@id":"https:\/\/pglbr.com.br\/es\/#website","url":"https:\/\/pglbr.com.br\/es\/","name":"PGL Brasil","description":"Supply Chain Management","publisher":{"@id":"https:\/\/pglbr.com.br\/es\/#organization"},"alternateName":"PGL Brasil - Supply Chain Management","potentialAction":[{"@type":"SearchAction","target":{"@type":"EntryPoint","urlTemplate":"https:\/\/pglbr.com.br\/es\/?s={search_term_string}"},"query-input":{"@type":"PropertyValueSpecification","valueRequired":true,"valueName":"search_term_string"}}],"inLanguage":"es"},{"@type":"Organization","@id":"https:\/\/pglbr.com.br\/es\/#organization","name":"PGL Brasil","alternateName":"PGL Brasil - Supply Chain Management","url":"https:\/\/pglbr.com.br\/es\/","logo":{"@type":"ImageObject","inLanguage":"es","@id":"https:\/\/pglbr.com.br\/es\/#\/schema\/logo\/image\/","url":"https:\/\/pglbr.com.br\/wp-content\/uploads\/2021\/05\/pglmarca.svg","contentUrl":"https:\/\/pglbr.com.br\/wp-content\/uploads\/2021\/05\/pglmarca.svg","width":"1024","height":"1024","caption":"PGL Brasil"},"image":{"@id":"https:\/\/pglbr.com.br\/es\/#\/schema\/logo\/image\/"},"sameAs":["https:\/\/www.facebook.com\/PGLBrasil\/","https:\/\/www.instagram.com\/pgl.brasil\/","https:\/\/www.linkedin.com\/company\/pgl-brasil\/","https:\/\/www.youtube.com\/channel\/UCrcldnH0g3494FycQY5kp8Q"]}]}},"_links":{"self":[{"href":"https:\/\/pglbr.com.br\/es\/wp-json\/wp\/v2\/pages\/7062","targetHints":{"allow":["GET"]}}],"collection":[{"href":"https:\/\/pglbr.com.br\/es\/wp-json\/wp\/v2\/pages"}],"about":[{"href":"https:\/\/pglbr.com.br\/es\/wp-json\/wp\/v2\/types\/page"}],"author":[{"embeddable":true,"href":"https:\/\/pglbr.com.br\/es\/wp-json\/wp\/v2\/users\/2"}],"replies":[{"embeddable":true,"href":"https:\/\/pglbr.com.br\/es\/wp-json\/wp\/v2\/comments?post=7062"}],"version-history":[{"count":2,"href":"https:\/\/pglbr.com.br\/es\/wp-json\/wp\/v2\/pages\/7062\/revisions"}],"predecessor-version":[{"id":13510,"href":"https:\/\/pglbr.com.br\/es\/wp-json\/wp\/v2\/pages\/7062\/revisions\/13510"}],"wp:attachment":[{"href":"https:\/\/pglbr.com.br\/es\/wp-json\/wp\/v2\/media?parent=7062"}],"curies":[{"name":"wp","href":"https:\/\/api.w.org\/{rel}","templated":true}]}}