{"id":7076,"date":"2021-06-14T18:47:59","date_gmt":"2021-06-14T21:47:59","guid":{"rendered":"https:\/\/pglbr.com.br\/web-tracking-bi\/"},"modified":"2022-05-16T12:15:43","modified_gmt":"2022-05-16T15:15:43","slug":"web-tracking-bi","status":"publish","type":"page","link":"https:\/\/pglbr.com.br\/es\/web-tracking-bi\/","title":{"rendered":"Web Tracking"},"content":{"rendered":"<section class=\"wpb-content-wrapper\">[vc_row thb_full_width=\u00bbtrue\u00bb thb_row_padding=\u00bbtrue\u00bb thb_column_padding=\u00bbtrue\u00bb full_height=\u00bbyes\u00bb css=\u00bb.vc_custom_1624403535897{padding-top: 24vh !important;padding-bottom: 12vh !important;background-image: url(https:\/\/pglbr.com.br\/wp-content\/uploads\/2021\/06\/tracking2.jpg?id=1301) !important;}\u00bb][vc_column][vc_row_inner content_placement=\u00bbmiddle\u00bb][vc_column_inner thb_color=\u00bbthb-light-column\u00bb width=\u00bb1\/2&#8243;]\t<div id=\"thb-slidetype-69da3c02b77cc\" class=\"thb-slidetype \" data-style=\"style1\">\n\t\t\n<h1><span class=\"thb-slidetype-entry\"><span class=\"lines\">Web Tracking<\/span><\/span><\/h1>\n\t\t\t\t<style>\n\t\t\t#thb-slidetype-69da3c02b77cc .thb-slidetype-entry {\n\t\t\t\tcolor: #ffffff;\n\t\t\t}\n\t\t<\/style>\n\t\t\t<\/div>\n\n\t[vc_empty_space height=\u00bb25px\u00bb][vc_separator color=\u00bbwhite\u00bb align=\u00bbalign_left\u00bb css_animation=\u00bbleft-to-right\u00bb][vc_empty_space height=\u00bb25px\u00bb][vc_column_text animation=\u00bbanimation fade-in\u00bb]Para mayor seguridad, todas estas informaciones se encuentran protegidas, y son accedidas \u00fanicamente a trav\u00e9s de usuario y contrase\u00f1a.[\/vc_column_text][\/vc_column_inner][vc_column_inner el_class=\u00bbtext-center\u00bb width=\u00bb1\/2&#8243;][\/vc_column_inner][\/vc_row_inner][\/vc_column][\/vc_row][vc_row css=\u00bb.vc_custom_1623698463893{padding-top: 10vh !important;}\u00bb][vc_column width=\u00bb1\/2&#8243;]\t<div id=\"thb-slidetype-69da3c02b783e\" class=\"thb-slidetype \" data-style=\"style2\">\n\t\t\n<h2><span class=\"thb-slidetype-entry\"><span class=\"lines\">Nuestros clientes pueden, a trav\u00e9s de su propia interfaz:<\/span><\/span><\/h2>\n\t\t\t<\/div>\n\n\t[vc_empty_space height=\u00bb15px\u00bb][vc_separator color=\u00bbcustom\u00bb align=\u00bbalign_left\u00bb border_width=\u00bb6&#8243; el_width=\u00bb30&#8243; css_animation=\u00bbleft-to-right\u00bb accent_color=\u00bb#dedc00&#8243;][vc_empty_space height=\u00bb25px\u00bb]\t<div id=\"thb-iconbox-69da3c02b789b\" class=\"thb-iconbox left type1     animation-true\" href=\"\" target=\"_self\" data-animation_speed=\"1.5\">\n\t\t\t\t<figure>\n\t\t\t<svg xmlns=\"http:\/\/www.w3.org\/2000\/svg\" viewBox=\"0 0 64 64\" enable-background=\"new 0 0 64 64\"><g fill=\"none\" stroke=\"#000\" stroke-width=\"2\" stroke-miterlimit=\"10\"><path stroke-linejoin=\"bevel\" d=\"m13 33l12 12 24-24\"\/><circle cx=\"32\" cy=\"32\" r=\"30.999\"\/><\/g><\/svg>\t\t\t\t\t\t\t\t<\/figure>\n\t\t\t\t<div class=\"iconbox-content\">\n\t\t\t\t\t\t\t<h5>Acceder a los datos de tus env\u00edos<\/h5>\t\t\t\t\t\t\t\t<\/div>\n\t\t<style>\n\t\t\t\t\t\t\t\t\t#thb-iconbox-69da3c02b789b.thb-iconbox h5 {\n\t\t\t\tfont-size: 21px;\n\t\t\t}\n\t\t\t\t\t\t\t\t\t#thb-iconbox-69da3c02b789b.thb-iconbox p {\n\t\t\t\tfont-size: 18px;\n\t\t\t}\n\t\t\t\t\t\t\t\t\t#thb-iconbox-69da3c02b789b.thb-iconbox figure svg path,\n\t\t\t#thb-iconbox-69da3c02b789b.thb-iconbox figure svg circle,\n\t\t\t#thb-iconbox-69da3c02b789b.thb-iconbox figure svg rect,\n\t\t\t#thb-iconbox-69da3c02b789b.thb-iconbox figure svg ellipse {\n\t\t\t\tstroke: #18a3ac;\n\t\t\t}\n\t\t\t\t\t\t\t\t\t\t\t\t\t\t\t\/* Hover *\/\n\t\t\t\t\t\t\t\t\t\t\t<\/style>\n\t<\/div>\n\t\t<div id=\"thb-iconbox-69da3c02b79ac\" class=\"thb-iconbox left type1     animation-true\" href=\"\" target=\"_self\" data-animation_speed=\"1.5\">\n\t\t\t\t<figure>\n\t\t\t<svg xmlns=\"http:\/\/www.w3.org\/2000\/svg\" viewBox=\"0 0 64 64\" enable-background=\"new 0 0 64 64\"><g fill=\"none\" stroke=\"#000\" stroke-width=\"2\" stroke-miterlimit=\"10\"><path stroke-linejoin=\"bevel\" d=\"m13 33l12 12 24-24\"\/><circle cx=\"32\" cy=\"32\" r=\"30.999\"\/><\/g><\/svg>\t\t\t\t\t\t\t\t<\/figure>\n\t\t\t\t<div class=\"iconbox-content\">\n\t\t\t\t\t\t\t<h5>Ver toda la documentaci\u00f3n relacionada<\/h5>\t\t\t\t\t\t\t\t<\/div>\n\t\t<style>\n\t\t\t\t\t\t\t\t\t#thb-iconbox-69da3c02b79ac.thb-iconbox h5 {\n\t\t\t\tfont-size: 21px;\n\t\t\t}\n\t\t\t\t\t\t\t\t\t#thb-iconbox-69da3c02b79ac.thb-iconbox p {\n\t\t\t\tfont-size: 18px;\n\t\t\t}\n\t\t\t\t\t\t\t\t\t#thb-iconbox-69da3c02b79ac.thb-iconbox figure svg path,\n\t\t\t#thb-iconbox-69da3c02b79ac.thb-iconbox figure svg circle,\n\t\t\t#thb-iconbox-69da3c02b79ac.thb-iconbox figure svg rect,\n\t\t\t#thb-iconbox-69da3c02b79ac.thb-iconbox figure svg ellipse {\n\t\t\t\tstroke: #18a3ac;\n\t\t\t}\n\t\t\t\t\t\t\t\t\t\t\t\t\t\t\t\/* Hover *\/\n\t\t\t\t\t\t\t\t\t\t\t<\/style>\n\t<\/div>\n\t\t<div id=\"thb-iconbox-69da3c02b7a2e\" class=\"thb-iconbox left type1     animation-true\" href=\"\" target=\"_self\" data-animation_speed=\"1.5\">\n\t\t\t\t<figure>\n\t\t\t<svg xmlns=\"http:\/\/www.w3.org\/2000\/svg\" viewBox=\"0 0 64 64\" enable-background=\"new 0 0 64 64\"><g fill=\"none\" stroke=\"#000\" stroke-width=\"2\" stroke-miterlimit=\"10\"><path stroke-linejoin=\"bevel\" d=\"m13 33l12 12 24-24\"\/><circle cx=\"32\" cy=\"32\" r=\"30.999\"\/><\/g><\/svg>\t\t\t\t\t\t\t\t<\/figure>\n\t\t\t\t<div class=\"iconbox-content\">\n\t\t\t\t\t\t\t<h5>Hacer el seguimiento de los procesos en cualquier momento: acceso v\u00eda p\u00e1gina web en cualquier dispositivo conectado a internet<\/h5>\t\t\t\t\t\t\t\t<\/div>\n\t\t<style>\n\t\t\t\t\t\t\t\t\t#thb-iconbox-69da3c02b7a2e.thb-iconbox h5 {\n\t\t\t\tfont-size: 21px;\n\t\t\t}\n\t\t\t\t\t\t\t\t\t#thb-iconbox-69da3c02b7a2e.thb-iconbox p {\n\t\t\t\tfont-size: 18px;\n\t\t\t}\n\t\t\t\t\t\t\t\t\t#thb-iconbox-69da3c02b7a2e.thb-iconbox figure svg path,\n\t\t\t#thb-iconbox-69da3c02b7a2e.thb-iconbox figure svg circle,\n\t\t\t#thb-iconbox-69da3c02b7a2e.thb-iconbox figure svg rect,\n\t\t\t#thb-iconbox-69da3c02b7a2e.thb-iconbox figure svg ellipse {\n\t\t\t\tstroke: #18a3ac;\n\t\t\t}\n\t\t\t\t\t\t\t\t\t\t\t\t\t\t\t\/* Hover *\/\n\t\t\t\t\t\t\t\t\t\t\t<\/style>\n\t<\/div>\n\t[\/vc_column][vc_column width=\u00bb1\/2&#8243;]\t<div id=\"thb-image-69da3c02b7ac7\" class=\"caption-style1  aligncenter   thb_image_link wp-caption \">\n\t\t\t<div class=\"thb-image-inner size_100\">\n\t\t\t<img loading=\"lazy\" decoding=\"async\" width=\"1200\" height=\"675\" src=\"https:\/\/pglbr.com.br\/wp-content\/uploads\/2021\/06\/3d-rendering-white-map-with-green-trucks-circulating-pile-cartons.jpeg\" class=\"thb_image    attachment-full\" alt=\"\" title=\"Goods distribution green\" srcset=\"https:\/\/pglbr.com.br\/wp-content\/uploads\/2021\/06\/3d-rendering-white-map-with-green-trucks-circulating-pile-cartons.jpeg 1200w, https:\/\/pglbr.com.br\/wp-content\/uploads\/2021\/06\/3d-rendering-white-map-with-green-trucks-circulating-pile-cartons-600x338.jpeg 600w, https:\/\/pglbr.com.br\/wp-content\/uploads\/2021\/06\/3d-rendering-white-map-with-green-trucks-circulating-pile-cartons-1024x576.jpeg 1024w, https:\/\/pglbr.com.br\/wp-content\/uploads\/2021\/06\/3d-rendering-white-map-with-green-trucks-circulating-pile-cartons-768x432.jpeg 768w, https:\/\/pglbr.com.br\/wp-content\/uploads\/2021\/06\/3d-rendering-white-map-with-green-trucks-circulating-pile-cartons-380x214.jpeg 380w, https:\/\/pglbr.com.br\/wp-content\/uploads\/2021\/06\/3d-rendering-white-map-with-green-trucks-circulating-pile-cartons-20x11.jpeg 20w, https:\/\/pglbr.com.br\/wp-content\/uploads\/2021\/06\/3d-rendering-white-map-with-green-trucks-circulating-pile-cartons-190x107.jpeg 190w, https:\/\/pglbr.com.br\/wp-content\/uploads\/2021\/06\/3d-rendering-white-map-with-green-trucks-circulating-pile-cartons-760x428.jpeg 760w, https:\/\/pglbr.com.br\/wp-content\/uploads\/2021\/06\/3d-rendering-white-map-with-green-trucks-circulating-pile-cartons-1140x641.jpeg 1140w\" sizes=\"auto, (max-width: 1200px) 100vw, 1200px\" \/>\t\t\t\t\t<\/div>\n\t\t\t\t\t<\/div>\n\t[\/vc_column][\/vc_row][vc_row thb_full_width=\u00bbtrue\u00bb thb_row_padding=\u00bbtrue\u00bb thb_column_padding=\u00bbtrue\u00bb css=\u00bb.vc_custom_1623695341936{margin-top: 15vh !important;border-top-width: 1px !important;padding-top: 15px !important;padding-bottom: 15px !important;background-color: #575757 !important;background-position: center !important;background-repeat: no-repeat !important;background-size: cover !important;border-top-color: #f4f4f4 !important;}\u00bb][vc_column][vc_row_inner content_placement=\u00bbmiddle\u00bb el_class=\u00bbalign-center\u00bb][vc_column_inner width=\u00bb2\/3&#8243; css=\u00bb.vc_custom_1523020985009{padding-top: 35px !important;}\u00bb][vc_column_text]\n<h2><span style=\"color: #ffffff;\">Cualquiera que sea su demanda,<\/span><br \/>\n<span style=\"color: #ffffff;\"><span style=\"color: #dedc00;\"><em>cuente con nosotros<\/em><\/span> para ayudarlo en este viaje.<\/span><\/h2>\n[\/vc_column_text][\/vc_column_inner][vc_column_inner el_class=\u00bbtext-right\u00bb width=\u00bb1\/3&#8243; animation=\u00bbanimation bottom-to-top\u00bb css=\u00bb.vc_custom_1523020888583{padding-top: 25px !important;padding-bottom: 25px !important;}\u00bb]\t<a id=\"thb-button-69da3c02b8be8\" class=\"btn style4 medium full white no-radius animation bottom-to-top   \" href=\"https:\/\/pglbr.com.br\/es\/contacto\/\" target=\"_self\" role=\"button\">\n\t\t<span>ENTRE EN CONTACTO<\/span>\n\t\t\t<\/a>\n\t\t[\/vc_column_inner][\/vc_row_inner][\/vc_column][\/vc_row]\n<\/section>","protected":false},"excerpt":{"rendered":"<p>[vc_row thb_full_width=\u00bbtrue\u00bb thb_row_padding=\u00bbtrue\u00bb thb_column_padding=\u00bbtrue\u00bb full_height=\u00bbyes\u00bb css=\u00bb.vc_custom_1624403535897{padding-top: 24vh !important;padding-bottom: 12vh !important;background-image: url(https:\/\/pglbr.com.br\/wp-content\/uploads\/2021\/06\/tracking2.jpg?id=1301) !important;}\u00bb][vc_column][vc_row_inner content_placement=\u00bbmiddle\u00bb][vc_column_inner thb_color=\u00bbthb-light-column\u00bb width=\u00bb1\/2&#8243;][vc_empty_space height=\u00bb25px\u00bb][vc_separator color=\u00bbwhite\u00bb align=\u00bbalign_left\u00bb css_animation=\u00bbleft-to-right\u00bb][vc_empty_space height=\u00bb25px\u00bb][vc_column_text animation=\u00bbanimation fade-in\u00bb]Para mayor seguridad, todas estas informaciones se encuentran protegidas, y son accedidas \u00fanicamente a trav\u00e9s de usuario y contrase\u00f1a.[\/vc_column_text][\/vc_column_inner][vc_column_inner el_class=\u00bbtext-center\u00bb width=\u00bb1\/2&#8243;][\/vc_column_inner][\/vc_row_inner][\/vc_column][\/vc_row][vc_row css=\u00bb.vc_custom_1623698463893{padding-top: 10vh !important;}\u00bb][vc_column width=\u00bb1\/2&#8243;][vc_empty_space height=\u00bb15px\u00bb][vc_separator color=\u00bbcustom\u00bb align=\u00bbalign_left\u00bb border_width=\u00bb6&#8243; el_width=\u00bb30&#8243; css_animation=\u00bbleft-to-right\u00bb accent_color=\u00bb#dedc00&#8243;][vc_empty_space height=\u00bb25px\u00bb][\/vc_column][vc_column width=\u00bb1\/2&#8243;][\/vc_column][\/vc_row][vc_row&hellip;<\/p>\n","protected":false},"author":2,"featured_media":0,"parent":0,"menu_order":0,"comment_status":"closed","ping_status":"closed","template":"","meta":{"inline_featured_image":false,"footnotes":""},"class_list":["post-7076","page","type-page","status-publish","hentry"],"yoast_head":"<!-- This site is optimized with the Yoast SEO plugin v26.9 - https:\/\/yoast.com\/product\/yoast-seo-wordpress\/ -->\n<title>Web Tracking - PGL Brasil<\/title>\n<meta name=\"robots\" content=\"index, follow, max-snippet:-1, max-image-preview:large, max-video-preview:-1\" \/>\n<link rel=\"canonical\" href=\"https:\/\/pglbr.com.br\/es\/web-tracking-bi\/\" \/>\n<meta property=\"og:locale\" content=\"es_ES\" \/>\n<meta property=\"og:type\" content=\"article\" \/>\n<meta property=\"og:title\" content=\"Web Tracking - PGL Brasil\" \/>\n<meta property=\"og:description\" content=\"[vc_row thb_full_width=\u00bbtrue\u00bb thb_row_padding=\u00bbtrue\u00bb thb_column_padding=\u00bbtrue\u00bb full_height=\u00bbyes\u00bb css=\u00bb.vc_custom_1624403535897{padding-top: 24vh !important;padding-bottom: 12vh !important;background-image: url(https:\/\/pglbr.com.br\/wp-content\/uploads\/2021\/06\/tracking2.jpg?id=1301) !important;}\u00bb][vc_column][vc_row_inner content_placement=\u00bbmiddle\u00bb][vc_column_inner thb_color=\u00bbthb-light-column\u00bb width=\u00bb1\/2&#8243;][vc_empty_space height=\u00bb25px\u00bb][vc_separator color=\u00bbwhite\u00bb align=\u00bbalign_left\u00bb css_animation=\u00bbleft-to-right\u00bb][vc_empty_space height=\u00bb25px\u00bb][vc_column_text animation=\u00bbanimation fade-in\u00bb]Para mayor seguridad, todas estas informaciones se encuentran protegidas, y son accedidas \u00fanicamente a trav\u00e9s de usuario y contrase\u00f1a.[\/vc_column_text][\/vc_column_inner][vc_column_inner el_class=\u00bbtext-center\u00bb width=\u00bb1\/2&#8243;][\/vc_column_inner][\/vc_row_inner][\/vc_column][\/vc_row][vc_row css=\u00bb.vc_custom_1623698463893{padding-top: 10vh !important;}\u00bb][vc_column width=\u00bb1\/2&#8243;][vc_empty_space height=\u00bb15px\u00bb][vc_separator color=\u00bbcustom\u00bb align=\u00bbalign_left\u00bb border_width=\u00bb6&#8243; el_width=\u00bb30&#8243; css_animation=\u00bbleft-to-right\u00bb accent_color=\u00bb#dedc00&#8243;][vc_empty_space height=\u00bb25px\u00bb][\/vc_column][vc_column width=\u00bb1\/2&#8243;][\/vc_column][\/vc_row][vc_row&hellip;\" \/>\n<meta property=\"og:url\" content=\"https:\/\/pglbr.com.br\/es\/web-tracking-bi\/\" \/>\n<meta property=\"og:site_name\" content=\"PGL Brasil\" \/>\n<meta property=\"article:publisher\" content=\"https:\/\/www.facebook.com\/PGLBrasil\/\" \/>\n<meta property=\"article:modified_time\" content=\"2022-05-16T15:15:43+00:00\" \/>\n<meta name=\"twitter:card\" content=\"summary_large_image\" \/>\n<meta name=\"twitter:label1\" content=\"Tiempo de lectura\" \/>\n\t<meta name=\"twitter:data1\" content=\"2 minutos\" \/>\n<script type=\"application\/ld+json\" class=\"yoast-schema-graph\">{\"@context\":\"https:\/\/schema.org\",\"@graph\":[{\"@type\":\"WebPage\",\"@id\":\"https:\/\/pglbr.com.br\/es\/web-tracking-bi\/\",\"url\":\"https:\/\/pglbr.com.br\/es\/web-tracking-bi\/\",\"name\":\"Web Tracking - PGL Brasil\",\"isPartOf\":{\"@id\":\"https:\/\/pglbr.com.br\/es\/#website\"},\"datePublished\":\"2021-06-14T21:47:59+00:00\",\"dateModified\":\"2022-05-16T15:15:43+00:00\",\"breadcrumb\":{\"@id\":\"https:\/\/pglbr.com.br\/es\/web-tracking-bi\/#breadcrumb\"},\"inLanguage\":\"es\",\"potentialAction\":[{\"@type\":\"ReadAction\",\"target\":[\"https:\/\/pglbr.com.br\/es\/web-tracking-bi\/\"]}]},{\"@type\":\"BreadcrumbList\",\"@id\":\"https:\/\/pglbr.com.br\/es\/web-tracking-bi\/#breadcrumb\",\"itemListElement\":[{\"@type\":\"ListItem\",\"position\":1,\"name\":\"Home\",\"item\":\"https:\/\/pglbr.com.br\/es\/\"},{\"@type\":\"ListItem\",\"position\":2,\"name\":\"Web Tracking\"}]},{\"@type\":\"WebSite\",\"@id\":\"https:\/\/pglbr.com.br\/es\/#website\",\"url\":\"https:\/\/pglbr.com.br\/es\/\",\"name\":\"PGL Brasil\",\"description\":\"Supply Chain Management\",\"publisher\":{\"@id\":\"https:\/\/pglbr.com.br\/es\/#organization\"},\"alternateName\":\"PGL Brasil - Supply Chain Management\",\"potentialAction\":[{\"@type\":\"SearchAction\",\"target\":{\"@type\":\"EntryPoint\",\"urlTemplate\":\"https:\/\/pglbr.com.br\/es\/?s={search_term_string}\"},\"query-input\":{\"@type\":\"PropertyValueSpecification\",\"valueRequired\":true,\"valueName\":\"search_term_string\"}}],\"inLanguage\":\"es\"},{\"@type\":\"Organization\",\"@id\":\"https:\/\/pglbr.com.br\/es\/#organization\",\"name\":\"PGL Brasil\",\"alternateName\":\"PGL Brasil - Supply Chain Management\",\"url\":\"https:\/\/pglbr.com.br\/es\/\",\"logo\":{\"@type\":\"ImageObject\",\"inLanguage\":\"es\",\"@id\":\"https:\/\/pglbr.com.br\/es\/#\/schema\/logo\/image\/\",\"url\":\"https:\/\/pglbr.com.br\/wp-content\/uploads\/2021\/05\/pglmarca.svg\",\"contentUrl\":\"https:\/\/pglbr.com.br\/wp-content\/uploads\/2021\/05\/pglmarca.svg\",\"width\":\"1024\",\"height\":\"1024\",\"caption\":\"PGL Brasil\"},\"image\":{\"@id\":\"https:\/\/pglbr.com.br\/es\/#\/schema\/logo\/image\/\"},\"sameAs\":[\"https:\/\/www.facebook.com\/PGLBrasil\/\",\"https:\/\/www.instagram.com\/pgl.brasil\/\",\"https:\/\/www.linkedin.com\/company\/pgl-brasil\/\",\"https:\/\/www.youtube.com\/channel\/UCrcldnH0g3494FycQY5kp8Q\"]}]}<\/script>\n<!-- \/ Yoast SEO plugin. -->","yoast_head_json":{"title":"Web Tracking - PGL Brasil","robots":{"index":"index","follow":"follow","max-snippet":"max-snippet:-1","max-image-preview":"max-image-preview:large","max-video-preview":"max-video-preview:-1"},"canonical":"https:\/\/pglbr.com.br\/es\/web-tracking-bi\/","og_locale":"es_ES","og_type":"article","og_title":"Web Tracking - PGL Brasil","og_description":"[vc_row thb_full_width=\u00bbtrue\u00bb thb_row_padding=\u00bbtrue\u00bb thb_column_padding=\u00bbtrue\u00bb full_height=\u00bbyes\u00bb css=\u00bb.vc_custom_1624403535897{padding-top: 24vh !important;padding-bottom: 12vh !important;background-image: url(https:\/\/pglbr.com.br\/wp-content\/uploads\/2021\/06\/tracking2.jpg?id=1301) !important;}\u00bb][vc_column][vc_row_inner content_placement=\u00bbmiddle\u00bb][vc_column_inner thb_color=\u00bbthb-light-column\u00bb width=\u00bb1\/2&#8243;][vc_empty_space height=\u00bb25px\u00bb][vc_separator color=\u00bbwhite\u00bb align=\u00bbalign_left\u00bb css_animation=\u00bbleft-to-right\u00bb][vc_empty_space height=\u00bb25px\u00bb][vc_column_text animation=\u00bbanimation fade-in\u00bb]Para mayor seguridad, todas estas informaciones se encuentran protegidas, y son accedidas \u00fanicamente a trav\u00e9s de usuario y contrase\u00f1a.[\/vc_column_text][\/vc_column_inner][vc_column_inner el_class=\u00bbtext-center\u00bb width=\u00bb1\/2&#8243;][\/vc_column_inner][\/vc_row_inner][\/vc_column][\/vc_row][vc_row css=\u00bb.vc_custom_1623698463893{padding-top: 10vh !important;}\u00bb][vc_column width=\u00bb1\/2&#8243;][vc_empty_space height=\u00bb15px\u00bb][vc_separator color=\u00bbcustom\u00bb align=\u00bbalign_left\u00bb border_width=\u00bb6&#8243; el_width=\u00bb30&#8243; css_animation=\u00bbleft-to-right\u00bb accent_color=\u00bb#dedc00&#8243;][vc_empty_space height=\u00bb25px\u00bb][\/vc_column][vc_column width=\u00bb1\/2&#8243;][\/vc_column][\/vc_row][vc_row&hellip;","og_url":"https:\/\/pglbr.com.br\/es\/web-tracking-bi\/","og_site_name":"PGL Brasil","article_publisher":"https:\/\/www.facebook.com\/PGLBrasil\/","article_modified_time":"2022-05-16T15:15:43+00:00","twitter_card":"summary_large_image","twitter_misc":{"Tiempo de lectura":"2 minutos"},"schema":{"@context":"https:\/\/schema.org","@graph":[{"@type":"WebPage","@id":"https:\/\/pglbr.com.br\/es\/web-tracking-bi\/","url":"https:\/\/pglbr.com.br\/es\/web-tracking-bi\/","name":"Web Tracking - PGL Brasil","isPartOf":{"@id":"https:\/\/pglbr.com.br\/es\/#website"},"datePublished":"2021-06-14T21:47:59+00:00","dateModified":"2022-05-16T15:15:43+00:00","breadcrumb":{"@id":"https:\/\/pglbr.com.br\/es\/web-tracking-bi\/#breadcrumb"},"inLanguage":"es","potentialAction":[{"@type":"ReadAction","target":["https:\/\/pglbr.com.br\/es\/web-tracking-bi\/"]}]},{"@type":"BreadcrumbList","@id":"https:\/\/pglbr.com.br\/es\/web-tracking-bi\/#breadcrumb","itemListElement":[{"@type":"ListItem","position":1,"name":"Home","item":"https:\/\/pglbr.com.br\/es\/"},{"@type":"ListItem","position":2,"name":"Web Tracking"}]},{"@type":"WebSite","@id":"https:\/\/pglbr.com.br\/es\/#website","url":"https:\/\/pglbr.com.br\/es\/","name":"PGL Brasil","description":"Supply Chain Management","publisher":{"@id":"https:\/\/pglbr.com.br\/es\/#organization"},"alternateName":"PGL Brasil - Supply Chain Management","potentialAction":[{"@type":"SearchAction","target":{"@type":"EntryPoint","urlTemplate":"https:\/\/pglbr.com.br\/es\/?s={search_term_string}"},"query-input":{"@type":"PropertyValueSpecification","valueRequired":true,"valueName":"search_term_string"}}],"inLanguage":"es"},{"@type":"Organization","@id":"https:\/\/pglbr.com.br\/es\/#organization","name":"PGL Brasil","alternateName":"PGL Brasil - Supply Chain Management","url":"https:\/\/pglbr.com.br\/es\/","logo":{"@type":"ImageObject","inLanguage":"es","@id":"https:\/\/pglbr.com.br\/es\/#\/schema\/logo\/image\/","url":"https:\/\/pglbr.com.br\/wp-content\/uploads\/2021\/05\/pglmarca.svg","contentUrl":"https:\/\/pglbr.com.br\/wp-content\/uploads\/2021\/05\/pglmarca.svg","width":"1024","height":"1024","caption":"PGL Brasil"},"image":{"@id":"https:\/\/pglbr.com.br\/es\/#\/schema\/logo\/image\/"},"sameAs":["https:\/\/www.facebook.com\/PGLBrasil\/","https:\/\/www.instagram.com\/pgl.brasil\/","https:\/\/www.linkedin.com\/company\/pgl-brasil\/","https:\/\/www.youtube.com\/channel\/UCrcldnH0g3494FycQY5kp8Q"]}]}},"_links":{"self":[{"href":"https:\/\/pglbr.com.br\/es\/wp-json\/wp\/v2\/pages\/7076","targetHints":{"allow":["GET"]}}],"collection":[{"href":"https:\/\/pglbr.com.br\/es\/wp-json\/wp\/v2\/pages"}],"about":[{"href":"https:\/\/pglbr.com.br\/es\/wp-json\/wp\/v2\/types\/page"}],"author":[{"embeddable":true,"href":"https:\/\/pglbr.com.br\/es\/wp-json\/wp\/v2\/users\/2"}],"replies":[{"embeddable":true,"href":"https:\/\/pglbr.com.br\/es\/wp-json\/wp\/v2\/comments?post=7076"}],"version-history":[{"count":0,"href":"https:\/\/pglbr.com.br\/es\/wp-json\/wp\/v2\/pages\/7076\/revisions"}],"wp:attachment":[{"href":"https:\/\/pglbr.com.br\/es\/wp-json\/wp\/v2\/media?parent=7076"}],"curies":[{"name":"wp","href":"https:\/\/api.w.org\/{rel}","templated":true}]}}